{"id":1849,"date":"2025-04-14T11:16:10","date_gmt":"2025-04-14T11:16:10","guid":{"rendered":"https:\/\/www.tothcompliance.com\/academy\/?post_type=product&#038;p=1849"},"modified":"2026-02-25T10:52:35","modified_gmt":"2026-02-25T10:52:35","slug":"introduccion-al-compliance-en-el-sector-seguros","status":"publish","type":"product","link":"https:\/\/www.tothcompliance.com\/academy\/masterclass\/introduccion-al-compliance-en-el-sector-seguros\/","title":{"rendered":"Introducci\u00f3n al Compliance en el Sector Seguros"},"content":{"rendered":"<div class=\"wpb-content-wrapper\"><p>[vc_row responsive_tabs_advanced=\u00bbmobile\u00bb woodmart_css_id=\u00bb65a7e5ee1d391&#8243; responsive_spacing=\u00bbeyJwYXJhbV90eXBlIjoid29vZG1hcnRfcmVzcG9uc2l2ZV9zcGFjaW5nIiwic2VsZWN0b3JfaWQiOiI2NWE3ZTVlZTFkMzkxIiwic2hvcnRjb2RlIjoidmNfcm93IiwiZGF0YSI6eyJ0YWJsZXQiOnt9LCJtb2JpbGUiOnt9fX0=\u00bb mobile_bg_img_hidden=\u00bbno\u00bb tablet_bg_img_hidden=\u00bbno\u00bb woodmart_parallax=\u00bb0&#8243; woodmart_gradient_switch=\u00bbno\u00bb woodmart_box_shadow=\u00bbno\u00bb wd_z_index=\u00bbno\u00bb woodmart_disable_overflow=\u00bb0&#8243; row_reverse_mobile=\u00bb1&#8243; row_reverse_tablet=\u00bb1&#8243;][vc_column width=\u00bb7\/12&#8243; offset=\u00bbvc_col-lg-offset-0&#8243; woodmart_css_id=\u00bb65a7e5f6c83d2&#8243; parallax_scroll=\u00bbno\u00bb woodmart_sticky_column=\u00bbfalse\u00bb wd_collapsible_content_switcher=\u00bbno\u00bb wd_column_role_offcanvas_desktop=\u00bbno\u00bb wd_column_role_offcanvas_tablet=\u00bbno\u00bb wd_column_role_offcanvas_mobile=\u00bbno\u00bb wd_column_role_content_desktop=\u00bbno\u00bb wd_column_role_content_tablet=\u00bbno\u00bb wd_column_role_content_mobile=\u00bbno\u00bb mobile_bg_img_hidden=\u00bbno\u00bb tablet_bg_img_hidden=\u00bbno\u00bb woodmart_parallax=\u00bb0&#8243; woodmart_box_shadow=\u00bbno\u00bb responsive_spacing=\u00bbeyJwYXJhbV90eXBlIjoid29vZG1hcnRfcmVzcG9uc2l2ZV9zcGFjaW5nIiwic2VsZWN0b3JfaWQiOiI2NWE3ZTVmNmM4M2QyIiwic2hvcnRjb2RlIjoidmNfY29sdW1uIiwiZGF0YSI6eyJ0YWJsZXQiOnt9LCJtb2JpbGUiOnt9fX0=\u00bb mobile_reset_margin=\u00bbno\u00bb tablet_reset_margin=\u00bbno\u00bb wd_z_index=\u00bbno\u00bb]\t\t<div id=\"wd-67fceec90177b\" class=\"wd-text-block wd-wpb reset-last-child wd-rs-67fceec90177b text-left \">\n\t\t\t<h4>\u00bfQu\u00e9 aprender\u00e1s en esta MasterClass?<\/h4>\n<div class=\"page\" title=\"Page 1\">\n<div class=\"layoutArea\">\n<div class=\"column\">\n<p><span style=\"font-weight: 400;\">En esta MasterPlus de nivel b\u00e1sico aprender\u00e1s los fundamentos del Compliance en el sector asegurador, con un enfoque claro y pr\u00e1ctico adaptado a la normativa paname\u00f1a. En solo 2 horas, comprender\u00e1s la importancia del cumplimiento normativo, el rol del oficial de cumplimiento y las obligaciones de los sujetos regulados seg\u00fan la Ley 23 de 2015, la Ley 12 de Seguros, el Acuerdo 03-2022 de la SSRP y el Decreto Ejecutivo 35. Conocer\u00e1s los riesgos de blanqueo de capitales (BC) y financiamiento del terrorismo (FT) aplicados al sector seguros, sus tipolog\u00edas comunes y la relevancia de procedimientos como el KYC y los distintos niveles de debida diligencia. Todo esto se abordar\u00e1 a trav\u00e9s de explicaciones te\u00f3ricas y casos pr\u00e1cticos que te permitir\u00e1n aplicar lo aprendido en tu d\u00eda a d\u00eda profesional.<\/span><\/p>\n<\/div>\n<\/div>\n<\/div>\n\t\t<\/div>\n\t\t[vc_separator wd_hide_on_desktop=\u00bbno\u00bb wd_hide_on_tablet=\u00bbno\u00bb wd_hide_on_mobile=\u00bbno\u00bb]\t\t<div id=\"wd-66c8583236d31\" class=\"wd-text-block wd-wpb reset-last-child wd-rs-66c8583236d31 text-left \">\n\t\t\t<p><em><strong>Requisitos T\u00e9cnicos:<\/strong><\/em><\/p>\n<p><i><span style=\"font-weight: 400;\">Se requiere una conectividad estable y la disponibilidad de un dispositivo con navegador web actualizado.<\/span><\/i><\/p>\n\t\t<\/div>\n\t\t[vc_separator wd_hide_on_desktop=\u00bbno\u00bb wd_hide_on_tablet=\u00bbno\u00bb wd_hide_on_mobile=\u00bbno\u00bb]\n\t\t<div id=\"wd-65a0170f7135c\" class=\"title-wrapper wd-wpb wd-set-mb reset-last-child  wd-rs-65a0170f7135c wd-title-color-default wd-title-style-default text-left  wd-underline-colored\">\n\t\t\t\n\t\t\t<div class=\"liner-continer\">\n\t\t\t\t<h4 class=\"woodmart-title-container title  wd-font-weight- wd-fontsize-l\" >Temario<\/h4>\n\t\t\t\t\t\t\t<\/div>\n\t\t\t\n\t\t\t\n\t\t\t\n\t\t<\/div>\n\t\t\n\t\t\t\t<div id=\"wd-67fcf038b0d1e\" class=\"wd-text-block wd-wpb reset-last-child wd-rs-67fcf038b0d1e text-left \">\n\t\t\t<p><strong>Introducci\u00f3n al Compliance en el Sector Seguros<\/strong><\/p>\n<ul>\n<li>Dirigido a: Agentes de seguros, ejecutivos de cuentas y personal operativo.<\/li>\n<\/ul>\n<p><strong>Objetivos:<\/strong><\/p>\n<ul>\n<li>\u00a0Proveer una comprensi\u00f3n general del Compliance y su importancia en el sector asegurador.<\/li>\n<\/ul>\n<ul>\n<li>Explicar conceptos b\u00e1sicos relacionados con los riesgos de blanqueo de capitales (BC) y financiamiento del terrorismo (FT).<\/li>\n<\/ul>\n<ul>\n<li>Sensibilizar sobre la normativa aplicable en Panam\u00e1 y el est\u00e1ndar internacional de GAFI.<\/li>\n<\/ul>\n<p><strong>Contenido:<\/strong><\/p>\n<p><strong>Temporada 1:<\/strong> Introducci\u00f3n al Compliance:<\/p>\n<ul>\n<li style=\"list-style-type: none;\">\n<ul>\n<li>Cap\u00edtulo 1: \u00bfQu\u00e9 es el Compliance? Relevancia en el sector seguros.<\/li>\n<li>Cap\u00edtulo 2: Rol del oficial de cumplimiento y\/o Enlace de Cumplimiento.<\/li>\n<\/ul>\n<\/li>\n<\/ul>\n<p><strong>Temporada 2:<\/strong> Introducci\u00f3n Marco normativo:<\/p>\n<ul>\n<li>Cap\u00edtulo 1: Introducci\u00f3n Ley 23 del 27 abril 2015, Ley 12 de Seguros y Acuerdo<\/li>\n<\/ul>\n<ul>\n<li style=\"list-style-type: none;\">\n<ul>\n<li><span style=\"font-weight: 400;\"> Cap\u00edtulo 2: Obligaciones de los sujetos obligados en materia de prevenci\u00f3n <\/span>de blanqueo.<\/li>\n<\/ul>\n<\/li>\n<\/ul>\n<p><strong>Temporada 3:<\/strong> Riesgos BC\/FT en seguros:<\/p>\n<ul>\n<li style=\"list-style-type: none;\">\n<ul>\n<li><span style=\"font-weight: 400;\"> Cap\u00edtulo 1: Definici\u00f3n y ejemplos de BC\/FT aplicados al sector seguros.<\/span><\/li>\n<li><span style=\"font-weight: 400;\"> Cap\u00edtulo 2: Tipolog\u00edas comunes en el sector seguros.<\/span><\/li>\n<\/ul>\n<\/li>\n<\/ul>\n<p><strong>Temporada 4:<\/strong> La importancia de la debida diligencia:<\/p>\n<ul>\n<li><span style=\"font-weight: 400;\"> Cap\u00edtulo 1: Procedimientos para conocer al cliente (KYC).<\/span><\/li>\n<li><span style=\"font-weight: 400;\"> Cap\u00edtulo 2: Introducci\u00f3n a los tipos de Debida Diligencia: \u201cSimplificada, B\u00e1sica <\/span>y Ampliada\u201d.<\/li>\n<\/ul>\n<p><strong>Metodolog\u00eda:<\/strong><\/p>\n<ul>\n<li><span style=\"font-weight: 400;\"> Explicaci\u00f3n te\u00f3rica.<\/span><\/li>\n<li><span style=\"font-weight: 400;\"> Casos pr\u00e1cticos de detecci\u00f3n de operaciones inusuales.<\/span><\/li>\n<\/ul>\n\t\t<\/div>\n\t\t[\/vc_column][vc_column width=\u00bb5\/12&#8243; woodmart_css_id=\u00bb65a7ec1ad5a23&#8243; parallax_scroll=\u00bbno\u00bb woodmart_sticky_column=\u00bbfalse\u00bb wd_collapsible_content_switcher=\u00bbno\u00bb wd_column_role_offcanvas_desktop=\u00bbno\u00bb wd_column_role_offcanvas_tablet=\u00bbno\u00bb wd_column_role_offcanvas_mobile=\u00bbno\u00bb wd_column_role_content_desktop=\u00bbno\u00bb wd_column_role_content_tablet=\u00bbno\u00bb wd_column_role_content_mobile=\u00bbno\u00bb mobile_bg_img_hidden=\u00bbno\u00bb tablet_bg_img_hidden=\u00bbno\u00bb woodmart_parallax=\u00bb0&#8243; woodmart_box_shadow=\u00bbno\u00bb responsive_spacing=\u00bbeyJwYXJhbV90eXBlIjoid29vZG1hcnRfcmVzcG9uc2l2ZV9zcGFjaW5nIiwic2VsZWN0b3JfaWQiOiI2NWE3ZWMxYWQ1YTIzIiwic2hvcnRjb2RlIjoidmNfY29sdW1uIiwiZGF0YSI6eyJ0YWJsZXQiOnt9LCJtb2JpbGUiOnt9fX0=\u00bb mobile_reset_margin=\u00bbno\u00bb tablet_reset_margin=\u00bbno\u00bb wd_z_index=\u00bbno\u00bb offset=\u00bbvc_col-lg-offset-0&#8243;]\t\t\t<div class=\"info-box-wrapper\">\n\t\t\t\t<div id=\"wd-680bb81a47778\" class=\" wd-rs-680bb81a47778 wd-info-box wd-wpb text-left box-icon-align-left box-style-shadow color-scheme- wd-bg-none wd-items-middle vc_custom_1745598506032\">\n\t\t\t\t\t\t\t\t\t\t\t<div class=\"box-icon-wrapper  box-with-icon box-icon-with-bg\">\n\t\t\t\t\t\t\t<div class=\"info-box-icon\">\n\t\t\t\t\t\t\t\t<img loading=\"lazy\" decoding=\"async\" width=\"60\" height=\"60\" src=\"https:\/\/www.tothcompliance.com\/academy\/wp-content\/uploads\/sites\/5\/2023\/12\/calendario-60x60.png\" class=\"attachment-60x60 size-60x60\" alt=\"\" srcset=\"https:\/\/www.tothcompliance.com\/academy\/wp-content\/uploads\/sites\/5\/2023\/12\/calendario-60x60.png 60w, https:\/\/www.tothcompliance.com\/academy\/wp-content\/uploads\/sites\/5\/2023\/12\/calendario-300x300.png 300w, https:\/\/www.tothcompliance.com\/academy\/wp-content\/uploads\/sites\/5\/2023\/12\/calendario-150x150.png 150w, https:\/\/www.tothcompliance.com\/academy\/wp-content\/uploads\/sites\/5\/2023\/12\/calendario-30x30.png 30w, https:\/\/www.tothcompliance.com\/academy\/wp-content\/uploads\/sites\/5\/2023\/12\/calendario.png 460w\" sizes=\"auto, (max-width: 60px) 100vw, 60px\" \/>\t\t\t\t\t\t\t<\/div>\n\t\t\t\t\t\t<\/div>\n\t\t\t\t\t\t\t\t\t\t<div class=\"info-box-content\">\n\t\t\t\t\t\t<h4 class=\"info-box-title title box-title-style-default wd-fontsize-m\">Disponible desde:<\/h4>\t\t\t\t\t\t<div class=\"info-box-inner reset-last-child\"><p>25 de Abril 2025.<\/p>\n<\/div>\n\n\t\t\t\t\t\t\t\t\t\t\t<\/div>\n\n\t\t\t\t\t\n\t\t\t\t\t<style>#wd-680bb81a47778 .info-box-icon {border-color:  !important;}<\/style>\t\t\t\t<\/div>\n\t\t\t<\/div>\n\t\t\t\t\t<div class=\"info-box-wrapper\">\n\t\t\t\t<div id=\"wd-67d15340f0c5b\" class=\" wd-rs-67d15340f0c5b wd-info-box wd-wpb text-left box-icon-align-left box-style-shadow color-scheme- wd-bg-none wd-items-top vc_custom_1741771601369\">\n\t\t\t\t\t\t\t\t\t\t\t<div class=\"box-icon-wrapper  box-with-icon box-icon-with-bg\">\n\t\t\t\t\t\t\t<div class=\"info-box-icon\">\n\t\t\t\t\t\t\t\t<img loading=\"lazy\" decoding=\"async\" width=\"60\" height=\"60\" src=\"https:\/\/www.tothcompliance.com\/academy\/wp-content\/uploads\/sites\/5\/2024\/01\/toth-academy-reloj-60x60.png\" class=\"attachment-60x60 size-60x60\" alt=\"\" srcset=\"https:\/\/www.tothcompliance.com\/academy\/wp-content\/uploads\/sites\/5\/2024\/01\/toth-academy-reloj-60x60.png 60w, https:\/\/www.tothcompliance.com\/academy\/wp-content\/uploads\/sites\/5\/2024\/01\/toth-academy-reloj-300x300.png 300w, https:\/\/www.tothcompliance.com\/academy\/wp-content\/uploads\/sites\/5\/2024\/01\/toth-academy-reloj-150x150.png 150w, https:\/\/www.tothcompliance.com\/academy\/wp-content\/uploads\/sites\/5\/2024\/01\/toth-academy-reloj-40x40.png 40w, https:\/\/www.tothcompliance.com\/academy\/wp-content\/uploads\/sites\/5\/2024\/01\/toth-academy-reloj.png 531w\" sizes=\"auto, (max-width: 60px) 100vw, 60px\" \/>\t\t\t\t\t\t\t<\/div>\n\t\t\t\t\t\t<\/div>\n\t\t\t\t\t\t\t\t\t\t<div class=\"info-box-content\">\n\t\t\t\t\t\t<h4 class=\"info-box-title title box-title-style-default wd-fontsize-m\">Modalidad:<\/h4>\t\t\t\t\t\t<div class=\"info-box-inner reset-last-child\"><p>Asincr\u00f3nica.<\/p>\n<\/div>\n\n\t\t\t\t\t\t\t\t\t\t\t<\/div>\n\n\t\t\t\t\t\n\t\t\t\t\t<style>#wd-67d15340f0c5b .info-box-icon {border-color:  !important;}<\/style>\t\t\t\t<\/div>\n\t\t\t<\/div>\n\t\t\t\t\t<div class=\"info-box-wrapper\">\n\t\t\t\t<div id=\"wd-67fcf0718acab\" class=\" wd-rs-67fcf0718acab wd-info-box wd-wpb text-left box-icon-align-left box-style-shadow color-scheme- wd-bg-none wd-items-middle vc_custom_1744629904793\">\n\t\t\t\t\t\t\t\t\t\t\t<div class=\"box-icon-wrapper  box-with-icon box-icon-with-bg\">\n\t\t\t\t\t\t\t<div class=\"info-box-icon\">\n\t\t\t\t\t\t\t\t<img loading=\"lazy\" decoding=\"async\" width=\"60\" height=\"60\" src=\"https:\/\/www.tothcompliance.com\/academy\/wp-content\/uploads\/sites\/5\/2024\/03\/Icono-nivel-Opc-1-60x60.png\" class=\"attachment-60x60 size-60x60\" alt=\"\" srcset=\"https:\/\/www.tothcompliance.com\/academy\/wp-content\/uploads\/sites\/5\/2024\/03\/Icono-nivel-Opc-1-60x60.png 60w, https:\/\/www.tothcompliance.com\/academy\/wp-content\/uploads\/sites\/5\/2024\/03\/Icono-nivel-Opc-1-300x300.png 300w, https:\/\/www.tothcompliance.com\/academy\/wp-content\/uploads\/sites\/5\/2024\/03\/Icono-nivel-Opc-1-150x150.png 150w, https:\/\/www.tothcompliance.com\/academy\/wp-content\/uploads\/sites\/5\/2024\/03\/Icono-nivel-Opc-1.png 532w\" sizes=\"auto, (max-width: 60px) 100vw, 60px\" \/>\t\t\t\t\t\t\t<\/div>\n\t\t\t\t\t\t<\/div>\n\t\t\t\t\t\t\t\t\t\t<div class=\"info-box-content\">\n\t\t\t\t\t\t<h4 class=\"info-box-title title box-title-style-default wd-fontsize-m\">Nivel:<\/h4>\t\t\t\t\t\t<div class=\"info-box-inner reset-last-child\"><p><span style=\"font-weight: 500;\">Inicial.<\/span><\/p>\n<\/div>\n\n\t\t\t\t\t\t\t\t\t\t\t<\/div>\n\n\t\t\t\t\t\n\t\t\t\t\t<style>#wd-67fcf0718acab .info-box-icon {border-color:  !important;}<\/style>\t\t\t\t<\/div>\n\t\t\t<\/div>\n\t\t[\/vc_column][\/vc_row]<\/p>\n<\/div>","protected":false},"excerpt":{"rendered":"<p><span style=\"font-weight: 400;\">Una introducci\u00f3n al Compliance en seguros y a la normativa paname\u00f1a, enfocada en la prevenci\u00f3n de riesgos como blanqueo de capitales y financiamiento del terrorismo.<\/span><\/p>\n<p>&nbsp;<\/p>\n<ul>\n<li><img loading=\"lazy\" decoding=\"async\" class=\"attachment-30x30 size-30x30\" src=\"https:\/\/tothcompliance.com\/academy\/wp-content\/uploads\/sites\/5\/2023\/12\/tiempo-30x30.png\" alt=\"\" width=\"20\" height=\"20\" \/> <span class=\"list-content\">Duraci\u00f3n:<strong> 18<\/strong><b> episodios. 2 horas.<\/b><\/span><\/li>\n<\/ul>\n","protected":false},"featured_media":1850,"comment_status":"closed","ping_status":"closed","template":"","meta":{"content-type":""},"product_brand":[],"product_cat":[117,118],"product_tag":[90],"class_list":{"0":"post-1849","1":"product","2":"type-product","3":"status-publish","4":"has-post-thumbnail","6":"product_cat-masterplus","7":"product_cat-risgo","8":"product_tag-asincronico","10":"first","11":"instock","12":"virtual","13":"purchasable","14":"product-type-simple"},"yoast_head":"<!-- This site is optimized with the Yoast SEO plugin v27.3 - https:\/\/yoast.com\/product\/yoast-seo-wordpress\/ -->\n<title>Introducci\u00f3n al Compliance en el Sector Seguros - TOTH Academy<\/title>\n<meta name=\"description\" content=\"Compliance Academy: Una introducci\u00f3n al Compliance en seguros y a la normativa paname\u00f1a, enfocada en la prevenci\u00f3n de riesgos\" \/>\n<meta name=\"robots\" content=\"index, follow, max-snippet:-1, max-image-preview:large, max-video-preview:-1\" \/>\n<link rel=\"canonical\" href=\"https:\/\/www.tothcompliance.com\/academy\/masterclass\/introduccion-al-compliance-en-el-sector-seguros\/\" \/>\n<meta property=\"og:locale\" content=\"es_ES\" \/>\n<meta property=\"og:type\" content=\"article\" \/>\n<meta property=\"og:title\" content=\"Introducci\u00f3n al Compliance en el Sector Seguros - TOTH Academy\" \/>\n<meta property=\"og:description\" content=\"Compliance Academy: Una introducci\u00f3n al Compliance en seguros y a la normativa paname\u00f1a, enfocada en la prevenci\u00f3n de riesgos\" \/>\n<meta property=\"og:url\" content=\"https:\/\/www.tothcompliance.com\/academy\/masterclass\/introduccion-al-compliance-en-el-sector-seguros\/\" \/>\n<meta property=\"og:site_name\" content=\"TOTH Academy\" \/>\n<meta property=\"article:modified_time\" content=\"2026-02-25T10:52:35+00:00\" \/>\n<meta property=\"og:image\" content=\"https:\/\/www.tothcompliance.com\/academy\/wp-content\/uploads\/sites\/5\/2025\/04\/Banner-web-JPG-jose-antonio-serrano.jpg\" \/>\n\t<meta property=\"og:image:width\" content=\"1748\" \/>\n\t<meta property=\"og:image:height\" content=\"1240\" \/>\n\t<meta property=\"og:image:type\" content=\"image\/jpeg\" \/>\n<meta name=\"twitter:card\" content=\"summary_large_image\" \/>\n<meta name=\"twitter:label1\" content=\"Tiempo de lectura\" \/>\n\t<meta name=\"twitter:data1\" content=\"3 minutos\" \/>\n<script type=\"application\/ld+json\" class=\"yoast-schema-graph\">{\"@context\":\"https:\\\/\\\/schema.org\",\"@graph\":[{\"@type\":\"WebPage\",\"@id\":\"https:\\\/\\\/www.tothcompliance.com\\\/academy\\\/masterclass\\\/introduccion-al-compliance-en-el-sector-seguros\\\/\",\"url\":\"https:\\\/\\\/www.tothcompliance.com\\\/academy\\\/masterclass\\\/introduccion-al-compliance-en-el-sector-seguros\\\/\",\"name\":\"Introducci\u00f3n al Compliance en el Sector Seguros - TOTH Academy\",\"isPartOf\":{\"@id\":\"https:\\\/\\\/www.tothcompliance.com\\\/academy\\\/#website\"},\"primaryImageOfPage\":{\"@id\":\"https:\\\/\\\/www.tothcompliance.com\\\/academy\\\/masterclass\\\/introduccion-al-compliance-en-el-sector-seguros\\\/#primaryimage\"},\"image\":{\"@id\":\"https:\\\/\\\/www.tothcompliance.com\\\/academy\\\/masterclass\\\/introduccion-al-compliance-en-el-sector-seguros\\\/#primaryimage\"},\"thumbnailUrl\":\"https:\\\/\\\/www.tothcompliance.com\\\/academy\\\/wp-content\\\/uploads\\\/sites\\\/5\\\/2025\\\/04\\\/Banner-web-JPG-jose-antonio-serrano.jpg\",\"datePublished\":\"2025-04-14T11:16:10+00:00\",\"dateModified\":\"2026-02-25T10:52:35+00:00\",\"description\":\"Compliance Academy: Una introducci\u00f3n al Compliance en seguros y a la normativa paname\u00f1a, enfocada en la prevenci\u00f3n de riesgos\",\"breadcrumb\":{\"@id\":\"https:\\\/\\\/www.tothcompliance.com\\\/academy\\\/masterclass\\\/introduccion-al-compliance-en-el-sector-seguros\\\/#breadcrumb\"},\"inLanguage\":\"es\",\"potentialAction\":[{\"@type\":\"ReadAction\",\"target\":[\"https:\\\/\\\/www.tothcompliance.com\\\/academy\\\/masterclass\\\/introduccion-al-compliance-en-el-sector-seguros\\\/\"]}]},{\"@type\":\"ImageObject\",\"inLanguage\":\"es\",\"@id\":\"https:\\\/\\\/www.tothcompliance.com\\\/academy\\\/masterclass\\\/introduccion-al-compliance-en-el-sector-seguros\\\/#primaryimage\",\"url\":\"https:\\\/\\\/www.tothcompliance.com\\\/academy\\\/wp-content\\\/uploads\\\/sites\\\/5\\\/2025\\\/04\\\/Banner-web-JPG-jose-antonio-serrano.jpg\",\"contentUrl\":\"https:\\\/\\\/www.tothcompliance.com\\\/academy\\\/wp-content\\\/uploads\\\/sites\\\/5\\\/2025\\\/04\\\/Banner-web-JPG-jose-antonio-serrano.jpg\",\"width\":1748,\"height\":1240},{\"@type\":\"BreadcrumbList\",\"@id\":\"https:\\\/\\\/www.tothcompliance.com\\\/academy\\\/masterclass\\\/introduccion-al-compliance-en-el-sector-seguros\\\/#breadcrumb\",\"itemListElement\":[{\"@type\":\"ListItem\",\"position\":1,\"name\":\"Portada\",\"item\":\"https:\\\/\\\/www.tothcompliance.com\\\/academy\\\/\"},{\"@type\":\"ListItem\",\"position\":2,\"name\":\"Masters\",\"item\":\"https:\\\/\\\/www.tothcompliance.com\\\/academy\\\/masterclass\\\/\"},{\"@type\":\"ListItem\",\"position\":3,\"name\":\"Introducci\u00f3n al Compliance en el Sector Seguros\"}]},{\"@type\":\"WebSite\",\"@id\":\"https:\\\/\\\/www.tothcompliance.com\\\/academy\\\/#website\",\"url\":\"https:\\\/\\\/www.tothcompliance.com\\\/academy\\\/\",\"name\":\"TOTH Academy\",\"description\":\"\",\"publisher\":{\"@id\":\"https:\\\/\\\/www.tothcompliance.com\\\/academy\\\/#organization\"},\"potentialAction\":[{\"@type\":\"SearchAction\",\"target\":{\"@type\":\"EntryPoint\",\"urlTemplate\":\"https:\\\/\\\/www.tothcompliance.com\\\/academy\\\/?s={search_term_string}\"},\"query-input\":{\"@type\":\"PropertyValueSpecification\",\"valueRequired\":true,\"valueName\":\"search_term_string\"}}],\"inLanguage\":\"es\"},{\"@type\":\"Organization\",\"@id\":\"https:\\\/\\\/www.tothcompliance.com\\\/academy\\\/#organization\",\"name\":\"TOTH Academy\",\"url\":\"https:\\\/\\\/www.tothcompliance.com\\\/academy\\\/\",\"logo\":{\"@type\":\"ImageObject\",\"inLanguage\":\"es\",\"@id\":\"https:\\\/\\\/www.tothcompliance.com\\\/academy\\\/#\\\/schema\\\/logo\\\/image\\\/\",\"url\":\"https:\\\/\\\/www.tothcompliance.com\\\/academy\\\/wp-content\\\/uploads\\\/sites\\\/5\\\/2023\\\/12\\\/toth-marca-02.svg\",\"contentUrl\":\"https:\\\/\\\/www.tothcompliance.com\\\/academy\\\/wp-content\\\/uploads\\\/sites\\\/5\\\/2023\\\/12\\\/toth-marca-02.svg\",\"width\":193,\"height\":83,\"caption\":\"TOTH Academy\"},\"image\":{\"@id\":\"https:\\\/\\\/www.tothcompliance.com\\\/academy\\\/#\\\/schema\\\/logo\\\/image\\\/\"},\"sameAs\":[\"https:\\\/\\\/www.linkedin.com\\\/company\\\/tothacademy\",\"https:\\\/\\\/www.instagram.com\\\/tothacademy\\\/\"]}]}<\/script>\n<!-- \/ Yoast SEO plugin. -->","yoast_head_json":{"title":"Introducci\u00f3n al Compliance en el Sector Seguros - TOTH Academy","description":"Compliance Academy: Una introducci\u00f3n al Compliance en seguros y a la normativa paname\u00f1a, enfocada en la prevenci\u00f3n de riesgos","robots":{"index":"index","follow":"follow","max-snippet":"max-snippet:-1","max-image-preview":"max-image-preview:large","max-video-preview":"max-video-preview:-1"},"canonical":"https:\/\/www.tothcompliance.com\/academy\/masterclass\/introduccion-al-compliance-en-el-sector-seguros\/","og_locale":"es_ES","og_type":"article","og_title":"Introducci\u00f3n al Compliance en el Sector Seguros - TOTH Academy","og_description":"Compliance Academy: Una introducci\u00f3n al Compliance en seguros y a la normativa paname\u00f1a, enfocada en la prevenci\u00f3n de riesgos","og_url":"https:\/\/www.tothcompliance.com\/academy\/masterclass\/introduccion-al-compliance-en-el-sector-seguros\/","og_site_name":"TOTH Academy","article_modified_time":"2026-02-25T10:52:35+00:00","og_image":[{"width":1748,"height":1240,"url":"https:\/\/www.tothcompliance.com\/academy\/wp-content\/uploads\/sites\/5\/2025\/04\/Banner-web-JPG-jose-antonio-serrano.jpg","type":"image\/jpeg"}],"twitter_card":"summary_large_image","twitter_misc":{"Tiempo de lectura":"3 minutos"},"schema":{"@context":"https:\/\/schema.org","@graph":[{"@type":"WebPage","@id":"https:\/\/www.tothcompliance.com\/academy\/masterclass\/introduccion-al-compliance-en-el-sector-seguros\/","url":"https:\/\/www.tothcompliance.com\/academy\/masterclass\/introduccion-al-compliance-en-el-sector-seguros\/","name":"Introducci\u00f3n al Compliance en el Sector Seguros - TOTH Academy","isPartOf":{"@id":"https:\/\/www.tothcompliance.com\/academy\/#website"},"primaryImageOfPage":{"@id":"https:\/\/www.tothcompliance.com\/academy\/masterclass\/introduccion-al-compliance-en-el-sector-seguros\/#primaryimage"},"image":{"@id":"https:\/\/www.tothcompliance.com\/academy\/masterclass\/introduccion-al-compliance-en-el-sector-seguros\/#primaryimage"},"thumbnailUrl":"https:\/\/www.tothcompliance.com\/academy\/wp-content\/uploads\/sites\/5\/2025\/04\/Banner-web-JPG-jose-antonio-serrano.jpg","datePublished":"2025-04-14T11:16:10+00:00","dateModified":"2026-02-25T10:52:35+00:00","description":"Compliance Academy: Una introducci\u00f3n al Compliance en seguros y a la normativa paname\u00f1a, enfocada en la prevenci\u00f3n de riesgos","breadcrumb":{"@id":"https:\/\/www.tothcompliance.com\/academy\/masterclass\/introduccion-al-compliance-en-el-sector-seguros\/#breadcrumb"},"inLanguage":"es","potentialAction":[{"@type":"ReadAction","target":["https:\/\/www.tothcompliance.com\/academy\/masterclass\/introduccion-al-compliance-en-el-sector-seguros\/"]}]},{"@type":"ImageObject","inLanguage":"es","@id":"https:\/\/www.tothcompliance.com\/academy\/masterclass\/introduccion-al-compliance-en-el-sector-seguros\/#primaryimage","url":"https:\/\/www.tothcompliance.com\/academy\/wp-content\/uploads\/sites\/5\/2025\/04\/Banner-web-JPG-jose-antonio-serrano.jpg","contentUrl":"https:\/\/www.tothcompliance.com\/academy\/wp-content\/uploads\/sites\/5\/2025\/04\/Banner-web-JPG-jose-antonio-serrano.jpg","width":1748,"height":1240},{"@type":"BreadcrumbList","@id":"https:\/\/www.tothcompliance.com\/academy\/masterclass\/introduccion-al-compliance-en-el-sector-seguros\/#breadcrumb","itemListElement":[{"@type":"ListItem","position":1,"name":"Portada","item":"https:\/\/www.tothcompliance.com\/academy\/"},{"@type":"ListItem","position":2,"name":"Masters","item":"https:\/\/www.tothcompliance.com\/academy\/masterclass\/"},{"@type":"ListItem","position":3,"name":"Introducci\u00f3n al Compliance en el Sector Seguros"}]},{"@type":"WebSite","@id":"https:\/\/www.tothcompliance.com\/academy\/#website","url":"https:\/\/www.tothcompliance.com\/academy\/","name":"TOTH Academy","description":"","publisher":{"@id":"https:\/\/www.tothcompliance.com\/academy\/#organization"},"potentialAction":[{"@type":"SearchAction","target":{"@type":"EntryPoint","urlTemplate":"https:\/\/www.tothcompliance.com\/academy\/?s={search_term_string}"},"query-input":{"@type":"PropertyValueSpecification","valueRequired":true,"valueName":"search_term_string"}}],"inLanguage":"es"},{"@type":"Organization","@id":"https:\/\/www.tothcompliance.com\/academy\/#organization","name":"TOTH Academy","url":"https:\/\/www.tothcompliance.com\/academy\/","logo":{"@type":"ImageObject","inLanguage":"es","@id":"https:\/\/www.tothcompliance.com\/academy\/#\/schema\/logo\/image\/","url":"https:\/\/www.tothcompliance.com\/academy\/wp-content\/uploads\/sites\/5\/2023\/12\/toth-marca-02.svg","contentUrl":"https:\/\/www.tothcompliance.com\/academy\/wp-content\/uploads\/sites\/5\/2023\/12\/toth-marca-02.svg","width":193,"height":83,"caption":"TOTH Academy"},"image":{"@id":"https:\/\/www.tothcompliance.com\/academy\/#\/schema\/logo\/image\/"},"sameAs":["https:\/\/www.linkedin.com\/company\/tothacademy","https:\/\/www.instagram.com\/tothacademy\/"]}]}},"jetpack_sharing_enabled":true,"_links":{"self":[{"href":"https:\/\/www.tothcompliance.com\/academy\/wp-json\/wp\/v2\/product\/1849","targetHints":{"allow":["GET"]}}],"collection":[{"href":"https:\/\/www.tothcompliance.com\/academy\/wp-json\/wp\/v2\/product"}],"about":[{"href":"https:\/\/www.tothcompliance.com\/academy\/wp-json\/wp\/v2\/types\/product"}],"replies":[{"embeddable":true,"href":"https:\/\/www.tothcompliance.com\/academy\/wp-json\/wp\/v2\/comments?post=1849"}],"wp:featuredmedia":[{"embeddable":true,"href":"https:\/\/www.tothcompliance.com\/academy\/wp-json\/wp\/v2\/media\/1850"}],"wp:attachment":[{"href":"https:\/\/www.tothcompliance.com\/academy\/wp-json\/wp\/v2\/media?parent=1849"}],"wp:term":[{"taxonomy":"product_brand","embeddable":true,"href":"https:\/\/www.tothcompliance.com\/academy\/wp-json\/wp\/v2\/product_brand?post=1849"},{"taxonomy":"product_cat","embeddable":true,"href":"https:\/\/www.tothcompliance.com\/academy\/wp-json\/wp\/v2\/product_cat?post=1849"},{"taxonomy":"product_tag","embeddable":true,"href":"https:\/\/www.tothcompliance.com\/academy\/wp-json\/wp\/v2\/product_tag?post=1849"}],"curies":[{"name":"wp","href":"https:\/\/api.w.org\/{rel}","templated":true}]}}