{"id":2013,"date":"2025-05-23T22:10:32","date_gmt":"2025-05-23T22:10:32","guid":{"rendered":"https:\/\/www.tothcompliance.com\/academy\/?post_type=product&#038;p=2013"},"modified":"2025-09-24T18:44:13","modified_gmt":"2025-09-24T18:44:13","slug":"auditorias-internas-con-enfoque-en-compliance","status":"publish","type":"product","link":"https:\/\/www.tothcompliance.com\/academy\/masterclass\/auditorias-internas-con-enfoque-en-compliance\/","title":{"rendered":"Auditor\u00edas internas con enfoque en Compliance"},"content":{"rendered":"<div class=\"wpb-content-wrapper\"><p>[vc_row responsive_tabs_advanced=\u00bbmobile\u00bb woodmart_css_id=\u00bb65a7e5ee1d391&#8243; responsive_spacing=\u00bbeyJwYXJhbV90eXBlIjoid29vZG1hcnRfcmVzcG9uc2l2ZV9zcGFjaW5nIiwic2VsZWN0b3JfaWQiOiI2NWE3ZTVlZTFkMzkxIiwic2hvcnRjb2RlIjoidmNfcm93IiwiZGF0YSI6eyJ0YWJsZXQiOnt9LCJtb2JpbGUiOnt9fX0=\u00bb mobile_bg_img_hidden=\u00bbno\u00bb tablet_bg_img_hidden=\u00bbno\u00bb woodmart_parallax=\u00bb0&#8243; woodmart_gradient_switch=\u00bbno\u00bb woodmart_box_shadow=\u00bbno\u00bb wd_z_index=\u00bbno\u00bb woodmart_disable_overflow=\u00bb0&#8243; row_reverse_mobile=\u00bb1&#8243; row_reverse_tablet=\u00bb1&#8243;][vc_column width=\u00bb7\/12&#8243; offset=\u00bbvc_col-lg-offset-0&#8243; woodmart_css_id=\u00bb65a7e5f6c83d2&#8243; parallax_scroll=\u00bbno\u00bb woodmart_sticky_column=\u00bbfalse\u00bb wd_collapsible_content_switcher=\u00bbno\u00bb wd_column_role_offcanvas_desktop=\u00bbno\u00bb wd_column_role_offcanvas_tablet=\u00bbno\u00bb wd_column_role_offcanvas_mobile=\u00bbno\u00bb wd_column_role_content_desktop=\u00bbno\u00bb wd_column_role_content_tablet=\u00bbno\u00bb wd_column_role_content_mobile=\u00bbno\u00bb mobile_bg_img_hidden=\u00bbno\u00bb tablet_bg_img_hidden=\u00bbno\u00bb woodmart_parallax=\u00bb0&#8243; woodmart_box_shadow=\u00bbno\u00bb responsive_spacing=\u00bbeyJwYXJhbV90eXBlIjoid29vZG1hcnRfcmVzcG9uc2l2ZV9zcGFjaW5nIiwic2VsZWN0b3JfaWQiOiI2NWE3ZTVmNmM4M2QyIiwic2hvcnRjb2RlIjoidmNfY29sdW1uIiwiZGF0YSI6eyJ0YWJsZXQiOnt9LCJtb2JpbGUiOnt9fX0=\u00bb mobile_reset_margin=\u00bbno\u00bb tablet_reset_margin=\u00bbno\u00bb wd_z_index=\u00bbno\u00bb]\t\t<div id=\"wd-6831069e8494e\" class=\"wd-text-block wd-wpb reset-last-child wd-rs-6831069e8494e text-left \">\n\t\t\t<h4>\u00bfQu\u00e9 aprender\u00e1s en esta MasterClass?<\/h4>\n<div class=\"page\" title=\"Page 1\">\n<div class=\"layoutArea\">\n<div class=\"column\">\n<p><span style=\"font-weight: 400\">En la presente MasterClass los participantes recibir\u00e1n una serie de recomendaciones para el proceso de auditor\u00edas internas, considerando los conceptos y criterios del Compliance, su aplicaci\u00f3n y generaci\u00f3n de informes apropiados.<\/span><\/p>\n<\/div>\n<\/div>\n<\/div>\n\t\t<\/div>\n\t\t[vc_separator wd_hide_on_desktop=\u00bbno\u00bb wd_hide_on_tablet=\u00bbno\u00bb wd_hide_on_mobile=\u00bbno\u00bb]\t\t<div id=\"wd-66c8583236d31\" class=\"wd-text-block wd-wpb reset-last-child wd-rs-66c8583236d31 text-left \">\n\t\t\t<p><em><strong>Requisitos T\u00e9cnicos:<\/strong><\/em><\/p>\n<p><i><span style=\"font-weight: 400\">Se requiere una conectividad estable y la disponibilidad de un dispositivo con navegador web actualizado.<\/span><\/i><\/p>\n\t\t<\/div>\n\t\t[vc_separator wd_hide_on_desktop=\u00bbno\u00bb wd_hide_on_tablet=\u00bbno\u00bb wd_hide_on_mobile=\u00bbno\u00bb]\n\t\t<div id=\"wd-65a0170f7135c\" class=\"title-wrapper wd-wpb wd-set-mb reset-last-child  wd-rs-65a0170f7135c wd-title-color-default wd-title-style-default text-left  wd-underline-colored\">\n\t\t\t\n\t\t\t<div class=\"liner-continer\">\n\t\t\t\t<h4 class=\"woodmart-title-container title  wd-font-weight- wd-fontsize-l\" >Temario<\/h4>\n\t\t\t\t\t\t\t<\/div>\n\t\t\t\n\t\t\t\n\t\t\t\n\t\t<\/div>\n\t\t\n\t\t\t\t<div id=\"wd-683106bcb0535\" class=\"wd-text-block wd-wpb reset-last-child wd-rs-683106bcb0535 text-left \">\n\t\t\t<p><span style=\"font-weight: 400\">La presente formaci\u00f3n pretende incorporar los conceptos y definiciones del Compliance en el proceso de auditor\u00edas internas, sean estas de sistemas de gesti\u00f3n o no. Los participantes incorporar\u00e1n recomendaciones y buenas pr\u00e1cticas de c\u00f3mo ejecutar auditor\u00edas eficientes y adecuadas para sus organizaciones y empresas.<\/span><\/p>\n<ul>\n<li><b>CONCEPTOS<\/b><\/li>\n<\/ul>\n<ul>\n<li><b>PRINCIPALES CONSIDERACIONES<\/b><\/li>\n<\/ul>\n<ul>\n<li><b>FOCO EN COMPLIANCE<\/b><\/li>\n<\/ul>\n<ul>\n<li><b>AUDITANDO<\/b><\/li>\n<\/ul>\n<ul>\n<li><b>INFORME Y DISTRIBUCI\u00d3N<\/b><\/li>\n<\/ul>\n<p><span style=\"font-weight: 400\">Destinado a: Todo tipo de organizaciones<\/span><\/p>\n\t\t<\/div>\n\t\t[\/vc_column][\/vc_row]<\/p>\n<\/div>","protected":false},"excerpt":{"rendered":"<p><span style=\"font-weight: 400\">En esta masterclass aprender\u00e1s a integrar conceptos de Compliance en auditor\u00edas internas, aplicando buenas pr\u00e1cticas para ejecutar procesos eficientes y elaborar informes adecuados en cualquier tipo de organizaci\u00f3n<\/span><\/p>\n<ul>\n<li><span class=\"list-content\">Disponible.<\/span><\/li>\n<li><span class=\"list-content\">Duraci\u00f3n:<strong> 2 clase de 30 minutos cada uno\u00a0<\/strong><\/span><\/li>\n<\/ul>\n","protected":false},"featured_media":2015,"comment_status":"closed","ping_status":"closed","template":"","meta":{"content-type":""},"product_brand":[],"product_cat":[30],"product_tag":[],"class_list":{"0":"post-2013","1":"product","2":"type-product","3":"status-publish","4":"has-post-thumbnail","6":"product_cat-riesgos","8":"first","9":"instock","10":"featured","11":"virtual","12":"purchasable","13":"product-type-simple"},"yoast_head":"<!-- This site is optimized with the Yoast SEO plugin v27.3 - https:\/\/yoast.com\/product\/yoast-seo-wordpress\/ -->\n<title>Auditor\u00edas internas con enfoque en Compliance - TOTH Academy<\/title>\n<meta name=\"robots\" content=\"index, follow, max-snippet:-1, max-image-preview:large, max-video-preview:-1\" \/>\n<link rel=\"canonical\" href=\"https:\/\/www.tothcompliance.com\/academy\/masterclass\/auditorias-internas-con-enfoque-en-compliance\/\" \/>\n<meta property=\"og:locale\" content=\"es_ES\" \/>\n<meta property=\"og:type\" content=\"article\" \/>\n<meta property=\"og:title\" content=\"Auditor\u00edas internas con enfoque en Compliance - TOTH Academy\" \/>\n<meta property=\"og:description\" content=\"En esta masterclass aprender\u00e1s a integrar conceptos de Compliance en auditor\u00edas internas, aplicando buenas pr\u00e1cticas para ejecutar procesos eficientes y elaborar informes adecuados en cualquier tipo de organizaci\u00f3n   Disponible.  Duraci\u00f3n: 2 clase de 30 minutos cada uno\u00a0\" \/>\n<meta property=\"og:url\" content=\"https:\/\/www.tothcompliance.com\/academy\/masterclass\/auditorias-internas-con-enfoque-en-compliance\/\" \/>\n<meta property=\"og:site_name\" content=\"TOTH Academy\" \/>\n<meta property=\"article:modified_time\" content=\"2025-09-24T18:44:13+00:00\" \/>\n<meta property=\"og:image\" content=\"https:\/\/www.tothcompliance.com\/academy\/wp-content\/uploads\/sites\/5\/2025\/05\/Banner-web-JPG_Mariano-Lopez.jpg\" \/>\n\t<meta property=\"og:image:width\" content=\"667\" \/>\n\t<meta property=\"og:image:height\" content=\"458\" \/>\n\t<meta property=\"og:image:type\" content=\"image\/jpeg\" \/>\n<meta name=\"twitter:card\" content=\"summary_large_image\" \/>\n<meta name=\"twitter:label1\" content=\"Tiempo de lectura\" \/>\n\t<meta name=\"twitter:data1\" content=\"2 minutos\" \/>\n<script type=\"application\/ld+json\" class=\"yoast-schema-graph\">{\"@context\":\"https:\\\/\\\/schema.org\",\"@graph\":[{\"@type\":\"WebPage\",\"@id\":\"https:\\\/\\\/www.tothcompliance.com\\\/academy\\\/masterclass\\\/auditorias-internas-con-enfoque-en-compliance\\\/\",\"url\":\"https:\\\/\\\/www.tothcompliance.com\\\/academy\\\/masterclass\\\/auditorias-internas-con-enfoque-en-compliance\\\/\",\"name\":\"Auditor\u00edas internas con enfoque en Compliance - TOTH Academy\",\"isPartOf\":{\"@id\":\"https:\\\/\\\/www.tothcompliance.com\\\/academy\\\/#website\"},\"primaryImageOfPage\":{\"@id\":\"https:\\\/\\\/www.tothcompliance.com\\\/academy\\\/masterclass\\\/auditorias-internas-con-enfoque-en-compliance\\\/#primaryimage\"},\"image\":{\"@id\":\"https:\\\/\\\/www.tothcompliance.com\\\/academy\\\/masterclass\\\/auditorias-internas-con-enfoque-en-compliance\\\/#primaryimage\"},\"thumbnailUrl\":\"https:\\\/\\\/www.tothcompliance.com\\\/academy\\\/wp-content\\\/uploads\\\/sites\\\/5\\\/2025\\\/05\\\/Banner-web-JPG_Mariano-Lopez.jpg\",\"datePublished\":\"2025-05-23T22:10:32+00:00\",\"dateModified\":\"2025-09-24T18:44:13+00:00\",\"breadcrumb\":{\"@id\":\"https:\\\/\\\/www.tothcompliance.com\\\/academy\\\/masterclass\\\/auditorias-internas-con-enfoque-en-compliance\\\/#breadcrumb\"},\"inLanguage\":\"es\",\"potentialAction\":[{\"@type\":\"ReadAction\",\"target\":[\"https:\\\/\\\/www.tothcompliance.com\\\/academy\\\/masterclass\\\/auditorias-internas-con-enfoque-en-compliance\\\/\"]}]},{\"@type\":\"ImageObject\",\"inLanguage\":\"es\",\"@id\":\"https:\\\/\\\/www.tothcompliance.com\\\/academy\\\/masterclass\\\/auditorias-internas-con-enfoque-en-compliance\\\/#primaryimage\",\"url\":\"https:\\\/\\\/www.tothcompliance.com\\\/academy\\\/wp-content\\\/uploads\\\/sites\\\/5\\\/2025\\\/05\\\/Banner-web-JPG_Mariano-Lopez.jpg\",\"contentUrl\":\"https:\\\/\\\/www.tothcompliance.com\\\/academy\\\/wp-content\\\/uploads\\\/sites\\\/5\\\/2025\\\/05\\\/Banner-web-JPG_Mariano-Lopez.jpg\",\"width\":667,\"height\":458},{\"@type\":\"BreadcrumbList\",\"@id\":\"https:\\\/\\\/www.tothcompliance.com\\\/academy\\\/masterclass\\\/auditorias-internas-con-enfoque-en-compliance\\\/#breadcrumb\",\"itemListElement\":[{\"@type\":\"ListItem\",\"position\":1,\"name\":\"Portada\",\"item\":\"https:\\\/\\\/www.tothcompliance.com\\\/academy\\\/\"},{\"@type\":\"ListItem\",\"position\":2,\"name\":\"Masters\",\"item\":\"https:\\\/\\\/www.tothcompliance.com\\\/academy\\\/masterclass\\\/\"},{\"@type\":\"ListItem\",\"position\":3,\"name\":\"Auditor\u00edas internas con enfoque en Compliance\"}]},{\"@type\":\"WebSite\",\"@id\":\"https:\\\/\\\/www.tothcompliance.com\\\/academy\\\/#website\",\"url\":\"https:\\\/\\\/www.tothcompliance.com\\\/academy\\\/\",\"name\":\"TOTH Academy\",\"description\":\"\",\"publisher\":{\"@id\":\"https:\\\/\\\/www.tothcompliance.com\\\/academy\\\/#organization\"},\"potentialAction\":[{\"@type\":\"SearchAction\",\"target\":{\"@type\":\"EntryPoint\",\"urlTemplate\":\"https:\\\/\\\/www.tothcompliance.com\\\/academy\\\/?s={search_term_string}\"},\"query-input\":{\"@type\":\"PropertyValueSpecification\",\"valueRequired\":true,\"valueName\":\"search_term_string\"}}],\"inLanguage\":\"es\"},{\"@type\":\"Organization\",\"@id\":\"https:\\\/\\\/www.tothcompliance.com\\\/academy\\\/#organization\",\"name\":\"TOTH Academy\",\"url\":\"https:\\\/\\\/www.tothcompliance.com\\\/academy\\\/\",\"logo\":{\"@type\":\"ImageObject\",\"inLanguage\":\"es\",\"@id\":\"https:\\\/\\\/www.tothcompliance.com\\\/academy\\\/#\\\/schema\\\/logo\\\/image\\\/\",\"url\":\"https:\\\/\\\/www.tothcompliance.com\\\/academy\\\/wp-content\\\/uploads\\\/sites\\\/5\\\/2023\\\/12\\\/toth-marca-02.svg\",\"contentUrl\":\"https:\\\/\\\/www.tothcompliance.com\\\/academy\\\/wp-content\\\/uploads\\\/sites\\\/5\\\/2023\\\/12\\\/toth-marca-02.svg\",\"width\":193,\"height\":83,\"caption\":\"TOTH Academy\"},\"image\":{\"@id\":\"https:\\\/\\\/www.tothcompliance.com\\\/academy\\\/#\\\/schema\\\/logo\\\/image\\\/\"},\"sameAs\":[\"https:\\\/\\\/www.linkedin.com\\\/company\\\/tothacademy\",\"https:\\\/\\\/www.instagram.com\\\/tothacademy\\\/\"]}]}<\/script>\n<!-- \/ Yoast SEO plugin. -->","yoast_head_json":{"title":"Auditor\u00edas internas con enfoque en Compliance - TOTH Academy","robots":{"index":"index","follow":"follow","max-snippet":"max-snippet:-1","max-image-preview":"max-image-preview:large","max-video-preview":"max-video-preview:-1"},"canonical":"https:\/\/www.tothcompliance.com\/academy\/masterclass\/auditorias-internas-con-enfoque-en-compliance\/","og_locale":"es_ES","og_type":"article","og_title":"Auditor\u00edas internas con enfoque en Compliance - TOTH Academy","og_description":"En esta masterclass aprender\u00e1s a integrar conceptos de Compliance en auditor\u00edas internas, aplicando buenas pr\u00e1cticas para ejecutar procesos eficientes y elaborar informes adecuados en cualquier tipo de organizaci\u00f3n   Disponible.  Duraci\u00f3n: 2 clase de 30 minutos cada uno\u00a0","og_url":"https:\/\/www.tothcompliance.com\/academy\/masterclass\/auditorias-internas-con-enfoque-en-compliance\/","og_site_name":"TOTH Academy","article_modified_time":"2025-09-24T18:44:13+00:00","og_image":[{"width":667,"height":458,"url":"https:\/\/www.tothcompliance.com\/academy\/wp-content\/uploads\/sites\/5\/2025\/05\/Banner-web-JPG_Mariano-Lopez.jpg","type":"image\/jpeg"}],"twitter_card":"summary_large_image","twitter_misc":{"Tiempo de lectura":"2 minutos"},"schema":{"@context":"https:\/\/schema.org","@graph":[{"@type":"WebPage","@id":"https:\/\/www.tothcompliance.com\/academy\/masterclass\/auditorias-internas-con-enfoque-en-compliance\/","url":"https:\/\/www.tothcompliance.com\/academy\/masterclass\/auditorias-internas-con-enfoque-en-compliance\/","name":"Auditor\u00edas internas con enfoque en Compliance - TOTH Academy","isPartOf":{"@id":"https:\/\/www.tothcompliance.com\/academy\/#website"},"primaryImageOfPage":{"@id":"https:\/\/www.tothcompliance.com\/academy\/masterclass\/auditorias-internas-con-enfoque-en-compliance\/#primaryimage"},"image":{"@id":"https:\/\/www.tothcompliance.com\/academy\/masterclass\/auditorias-internas-con-enfoque-en-compliance\/#primaryimage"},"thumbnailUrl":"https:\/\/www.tothcompliance.com\/academy\/wp-content\/uploads\/sites\/5\/2025\/05\/Banner-web-JPG_Mariano-Lopez.jpg","datePublished":"2025-05-23T22:10:32+00:00","dateModified":"2025-09-24T18:44:13+00:00","breadcrumb":{"@id":"https:\/\/www.tothcompliance.com\/academy\/masterclass\/auditorias-internas-con-enfoque-en-compliance\/#breadcrumb"},"inLanguage":"es","potentialAction":[{"@type":"ReadAction","target":["https:\/\/www.tothcompliance.com\/academy\/masterclass\/auditorias-internas-con-enfoque-en-compliance\/"]}]},{"@type":"ImageObject","inLanguage":"es","@id":"https:\/\/www.tothcompliance.com\/academy\/masterclass\/auditorias-internas-con-enfoque-en-compliance\/#primaryimage","url":"https:\/\/www.tothcompliance.com\/academy\/wp-content\/uploads\/sites\/5\/2025\/05\/Banner-web-JPG_Mariano-Lopez.jpg","contentUrl":"https:\/\/www.tothcompliance.com\/academy\/wp-content\/uploads\/sites\/5\/2025\/05\/Banner-web-JPG_Mariano-Lopez.jpg","width":667,"height":458},{"@type":"BreadcrumbList","@id":"https:\/\/www.tothcompliance.com\/academy\/masterclass\/auditorias-internas-con-enfoque-en-compliance\/#breadcrumb","itemListElement":[{"@type":"ListItem","position":1,"name":"Portada","item":"https:\/\/www.tothcompliance.com\/academy\/"},{"@type":"ListItem","position":2,"name":"Masters","item":"https:\/\/www.tothcompliance.com\/academy\/masterclass\/"},{"@type":"ListItem","position":3,"name":"Auditor\u00edas internas con enfoque en Compliance"}]},{"@type":"WebSite","@id":"https:\/\/www.tothcompliance.com\/academy\/#website","url":"https:\/\/www.tothcompliance.com\/academy\/","name":"TOTH Academy","description":"","publisher":{"@id":"https:\/\/www.tothcompliance.com\/academy\/#organization"},"potentialAction":[{"@type":"SearchAction","target":{"@type":"EntryPoint","urlTemplate":"https:\/\/www.tothcompliance.com\/academy\/?s={search_term_string}"},"query-input":{"@type":"PropertyValueSpecification","valueRequired":true,"valueName":"search_term_string"}}],"inLanguage":"es"},{"@type":"Organization","@id":"https:\/\/www.tothcompliance.com\/academy\/#organization","name":"TOTH Academy","url":"https:\/\/www.tothcompliance.com\/academy\/","logo":{"@type":"ImageObject","inLanguage":"es","@id":"https:\/\/www.tothcompliance.com\/academy\/#\/schema\/logo\/image\/","url":"https:\/\/www.tothcompliance.com\/academy\/wp-content\/uploads\/sites\/5\/2023\/12\/toth-marca-02.svg","contentUrl":"https:\/\/www.tothcompliance.com\/academy\/wp-content\/uploads\/sites\/5\/2023\/12\/toth-marca-02.svg","width":193,"height":83,"caption":"TOTH Academy"},"image":{"@id":"https:\/\/www.tothcompliance.com\/academy\/#\/schema\/logo\/image\/"},"sameAs":["https:\/\/www.linkedin.com\/company\/tothacademy","https:\/\/www.instagram.com\/tothacademy\/"]}]}},"jetpack_sharing_enabled":true,"_links":{"self":[{"href":"https:\/\/www.tothcompliance.com\/academy\/wp-json\/wp\/v2\/product\/2013","targetHints":{"allow":["GET"]}}],"collection":[{"href":"https:\/\/www.tothcompliance.com\/academy\/wp-json\/wp\/v2\/product"}],"about":[{"href":"https:\/\/www.tothcompliance.com\/academy\/wp-json\/wp\/v2\/types\/product"}],"replies":[{"embeddable":true,"href":"https:\/\/www.tothcompliance.com\/academy\/wp-json\/wp\/v2\/comments?post=2013"}],"wp:featuredmedia":[{"embeddable":true,"href":"https:\/\/www.tothcompliance.com\/academy\/wp-json\/wp\/v2\/media\/2015"}],"wp:attachment":[{"href":"https:\/\/www.tothcompliance.com\/academy\/wp-json\/wp\/v2\/media?parent=2013"}],"wp:term":[{"taxonomy":"product_brand","embeddable":true,"href":"https:\/\/www.tothcompliance.com\/academy\/wp-json\/wp\/v2\/product_brand?post=2013"},{"taxonomy":"product_cat","embeddable":true,"href":"https:\/\/www.tothcompliance.com\/academy\/wp-json\/wp\/v2\/product_cat?post=2013"},{"taxonomy":"product_tag","embeddable":true,"href":"https:\/\/www.tothcompliance.com\/academy\/wp-json\/wp\/v2\/product_tag?post=2013"}],"curies":[{"name":"wp","href":"https:\/\/api.w.org\/{rel}","templated":true}]}}