{"id":2138,"date":"2025-09-04T12:05:18","date_gmt":"2025-09-04T12:05:18","guid":{"rendered":"https:\/\/www.tothcompliance.com\/academy\/?post_type=product&#038;p=2138"},"modified":"2026-02-23T20:08:29","modified_gmt":"2026-02-23T20:08:29","slug":"gestion-de-riesgos-con-ia","status":"publish","type":"product","link":"https:\/\/www.tothcompliance.com\/academy\/masterclass\/gestion-de-riesgos-con-ia\/","title":{"rendered":"Gesti\u00f3n de Riesgos con IA"},"content":{"rendered":"<div class=\"wpb-content-wrapper\"><p>[vc_row responsive_tabs_advanced=\u00bbmobile\u00bb woodmart_css_id=\u00bb65a7e5ee1d391&#8243; responsive_spacing=\u00bbeyJwYXJhbV90eXBlIjoid29vZG1hcnRfcmVzcG9uc2l2ZV9zcGFjaW5nIiwic2VsZWN0b3JfaWQiOiI2NWE3ZTVlZTFkMzkxIiwic2hvcnRjb2RlIjoidmNfcm93IiwiZGF0YSI6eyJ0YWJsZXQiOnt9LCJtb2JpbGUiOnt9fX0=\u00bb mobile_bg_img_hidden=\u00bbno\u00bb tablet_bg_img_hidden=\u00bbno\u00bb woodmart_parallax=\u00bb0&#8243; woodmart_gradient_switch=\u00bbno\u00bb woodmart_box_shadow=\u00bbno\u00bb wd_z_index=\u00bbno\u00bb woodmart_disable_overflow=\u00bb0&#8243; row_reverse_mobile=\u00bb1&#8243; row_reverse_tablet=\u00bb1&#8243;][vc_column width=\u00bb7\/12&#8243; offset=\u00bbvc_col-lg-offset-0&#8243; woodmart_css_id=\u00bb65a7e5f6c83d2&#8243; parallax_scroll=\u00bbno\u00bb woodmart_sticky_column=\u00bbfalse\u00bb wd_collapsible_content_switcher=\u00bbno\u00bb wd_column_role_offcanvas_desktop=\u00bbno\u00bb wd_column_role_offcanvas_tablet=\u00bbno\u00bb wd_column_role_offcanvas_mobile=\u00bbno\u00bb wd_column_role_content_desktop=\u00bbno\u00bb wd_column_role_content_tablet=\u00bbno\u00bb wd_column_role_content_mobile=\u00bbno\u00bb mobile_bg_img_hidden=\u00bbno\u00bb tablet_bg_img_hidden=\u00bbno\u00bb woodmart_parallax=\u00bb0&#8243; woodmart_box_shadow=\u00bbno\u00bb responsive_spacing=\u00bbeyJwYXJhbV90eXBlIjoid29vZG1hcnRfcmVzcG9uc2l2ZV9zcGFjaW5nIiwic2VsZWN0b3JfaWQiOiI2NWE3ZTVmNmM4M2QyIiwic2hvcnRjb2RlIjoidmNfY29sdW1uIiwiZGF0YSI6eyJ0YWJsZXQiOnt9LCJtb2JpbGUiOnt9fX0=\u00bb mobile_reset_margin=\u00bbno\u00bb tablet_reset_margin=\u00bbno\u00bb wd_z_index=\u00bbno\u00bb]\t\t<div id=\"wd-68b980bf64682\" class=\"wd-text-block wd-wpb reset-last-child wd-rs-68b980bf64682 text-left \">\n\t\t\t<h4>\u00bfQu\u00e9 aprender\u00e1s en esta MasterPlus?<\/h4>\n<div class=\"page\" title=\"Page 1\">\n<div class=\"layoutArea\">\n<div class=\"column\">\n<p><span style=\"font-weight: 400\">Aprender\u00e1s la capacidad de <b>traducir IA en resultados<\/b>: reconocer patrones de riesgo antes de que estallen, aprovechar datos para tomar decisiones estrat\u00e9gicas, aplicar soluciones de inteligencia artificial en la gesti\u00f3n diaria y construir un <b>roadmap de cumplimiento \u00e9tico y tecnol\u00f3gico<\/b> que potencie la resiliencia y la competitividad de tu organizaci\u00f3n.<\/span><\/p>\n<\/div>\n<\/div>\n<\/div>\n\t\t<\/div>\n\t\t[vc_separator wd_hide_on_desktop=\u00bbno\u00bb wd_hide_on_tablet=\u00bbno\u00bb wd_hide_on_mobile=\u00bbno\u00bb]\t\t<div id=\"wd-66c8583236d31\" class=\"wd-text-block wd-wpb reset-last-child wd-rs-66c8583236d31 text-left \">\n\t\t\t<p><em><strong>Requisitos T\u00e9cnicos:<\/strong><\/em><\/p>\n<p><i><span style=\"font-weight: 400\">Se requiere una conectividad estable y la disponibilidad de un dispositivo con navegador web actualizado.<\/span><\/i><\/p>\n\t\t<\/div>\n\t\t[vc_separator wd_hide_on_desktop=\u00bbno\u00bb wd_hide_on_tablet=\u00bbno\u00bb wd_hide_on_mobile=\u00bbno\u00bb]\n\t\t<div id=\"wd-65a0170f7135c\" class=\"title-wrapper wd-wpb wd-set-mb reset-last-child  wd-rs-65a0170f7135c wd-title-color-default wd-title-style-default text-left  wd-underline-colored\">\n\t\t\t\n\t\t\t<div class=\"liner-continer\">\n\t\t\t\t<h4 class=\"woodmart-title-container title  wd-font-weight- wd-fontsize-l\" >Temario<\/h4>\n\t\t\t\t\t\t\t<\/div>\n\t\t\t\n\t\t\t\n\t\t\t\n\t\t<\/div>\n\t\t\n\t\t[\/vc_column][vc_column width=\u00bb5\/12&#8243; woodmart_css_id=\u00bb65a7ec1ad5a23&#8243; parallax_scroll=\u00bbno\u00bb woodmart_sticky_column=\u00bbfalse\u00bb wd_collapsible_content_switcher=\u00bbno\u00bb wd_column_role_offcanvas_desktop=\u00bbno\u00bb wd_column_role_offcanvas_tablet=\u00bbno\u00bb wd_column_role_offcanvas_mobile=\u00bbno\u00bb wd_column_role_content_desktop=\u00bbno\u00bb wd_column_role_content_tablet=\u00bbno\u00bb wd_column_role_content_mobile=\u00bbno\u00bb mobile_bg_img_hidden=\u00bbno\u00bb tablet_bg_img_hidden=\u00bbno\u00bb woodmart_parallax=\u00bb0&#8243; woodmart_box_shadow=\u00bbno\u00bb responsive_spacing=\u00bbeyJwYXJhbV90eXBlIjoid29vZG1hcnRfcmVzcG9uc2l2ZV9zcGFjaW5nIiwic2VsZWN0b3JfaWQiOiI2NWE3ZWMxYWQ1YTIzIiwic2hvcnRjb2RlIjoidmNfY29sdW1uIiwiZGF0YSI6eyJ0YWJsZXQiOnt9LCJtb2JpbGUiOnt9fX0=\u00bb mobile_reset_margin=\u00bbno\u00bb tablet_reset_margin=\u00bbno\u00bb wd_z_index=\u00bbno\u00bb offset=\u00bbvc_col-lg-offset-0&#8243;][\/vc_column][\/vc_row][vc_row][vc_column]\n\t\t<div id=\"wd-68b981d306305\" class=\"wd-accordion wd-wpb wd-rs-68b981d306305  wd-style-default wd-titles-left wd-opener-pos-left wd-opener-style-arrow\" data-state=\"first\">\n\t\t\t\t\t\t\t\n\t\t\t\t\n\t\t\t\t<div class=\"wd-accordion-item\">\n\t\t\t\t\t<div class=\"wd-accordion-title wd-role-btn wd-active font-primary wd-fontsize-s wd-font-weight-600\" data-accordion-index=\"0\" tabindex=\"0\">\n\t\t\t\t\t\t<div class=\"wd-accordion-title-text\">\n\t\t\t\t\t\t\t\t\t\t\t\t\t\t<span>\n\t\t\t\t\t\t\t\tTemporada 1: Fundamentos de la Gesti\u00f3n de Riesgos con IA\t\t\t\t\t\t\t<\/span>\n\t\t\t\t\t\t<\/div>\n\t\t\t\t\t\t<span class=\"wd-accordion-opener\"><\/span>\n\t\t\t\t\t<\/div>\n\n\t\t\t\t\t<div class=\"wd-accordion-content wd-entry-content wd-active\" data-accordion-index=\"0\">\n\t\t\t\t\t\t\t\t\t\t\t\t\t<p><span style=\"font-weight: 400\">Episodio 1. Introducci\u00f3n a la Inteligencia Artificial aplicada a Compliance y Riesgos.<\/span><\/p>\n<p><span style=\"font-weight: 400\">Episodio 2. Principios b\u00e1sicos de IA, machine learning y algoritmos explicables.<\/span><\/p>\n<p><span style=\"font-weight: 400\">Episodio 3. Identificaci\u00f3n de riesgos emergentes: datos, modelos y decisiones automatizadas.<\/span><\/p>\n<p><span style=\"font-weight: 400\">Episodio 4. \u00c9tica en el uso de IA para el cumplimiento normativo.<\/span><\/p>\n<p><span style=\"font-weight: 400\">Episodio 5. Primeros pasos para integrar herramientas de IA en matrices de riesgo.<\/span><\/p>\n\t\t\t\t\t\t\t\t\t\t\t<\/div>\n\t\t\t\t<\/div>\n\t\t\t\t\t\t\t\n\t\t\t\t\n\t\t\t\t<div class=\"wd-accordion-item\">\n\t\t\t\t\t<div class=\"wd-accordion-title wd-role-btn font-primary wd-fontsize-s wd-font-weight-600\" data-accordion-index=\"1\" tabindex=\"0\">\n\t\t\t\t\t\t<div class=\"wd-accordion-title-text\">\n\t\t\t\t\t\t\t\t\t\t\t\t\t\t<span>\n\t\t\t\t\t\t\t\tTemporada 2: Aplicaci\u00f3n Pr\u00e1ctica en Entornos Reales.\t\t\t\t\t\t\t<\/span>\n\t\t\t\t\t\t<\/div>\n\t\t\t\t\t\t<span class=\"wd-accordion-opener\"><\/span>\n\t\t\t\t\t<\/div>\n\n\t\t\t\t\t<div class=\"wd-accordion-content wd-entry-content\" data-accordion-index=\"1\">\n\t\t\t\t\t\t\t\t\t\t\t\t\t<p><span style=\"font-weight: 400\">Episodio 1: Asistente IA para AML: detecci\u00f3n temprana y alertas inteligentes.<\/span><\/p>\n<p><span style=\"font-weight: 400\">Episodio 2: Evaluaci\u00f3n de Riesgo de Entidad 2.0: automatizaci\u00f3n y auditor\u00eda continua.<\/span><\/p>\n<p><span style=\"font-weight: 400\">Episodio 3: Scoring de Riesgo de Clientes con IA: segmentaci\u00f3n y priorizaci\u00f3n.<\/span><\/p>\n<p><span style=\"font-weight: 400\">Episodio 4: Dashboard Interactivo de Compliance: m\u00e9tricas y monitoreo continuo.<\/span><\/p>\n\t\t\t\t\t\t\t\t\t\t\t<\/div>\n\t\t\t\t<\/div>\n\t\t\t\t\t\t\t\n\t\t\t\t\n\t\t\t\t<div class=\"wd-accordion-item\">\n\t\t\t\t\t<div class=\"wd-accordion-title wd-role-btn font-primary wd-fontsize-s wd-font-weight-600\" data-accordion-index=\"2\" tabindex=\"0\">\n\t\t\t\t\t\t<div class=\"wd-accordion-title-text\">\n\t\t\t\t\t\t\t\t\t\t\t\t\t\t<span>\n\t\t\t\t\t\t\t\tTemporada 3: Workshop Online y en Vivo.\t\t\t\t\t\t\t<\/span>\n\t\t\t\t\t\t<\/div>\n\t\t\t\t\t\t<span class=\"wd-accordion-opener\"><\/span>\n\t\t\t\t\t<\/div>\n\n\t\t\t\t\t<div class=\"wd-accordion-content wd-entry-content\" data-accordion-index=\"2\">\n\t\t\t\t\t\t\t\t\t\t\t\t\t<p><strong>Dos encuentros.<\/strong><\/p>\n<p><strong>Fechas:<\/strong> A confirmar.<\/p>\n<p><strong>Temas:\u00a0<\/strong><b>Dise\u00f1o y Liderazgo de Estrategias con IA<\/b><\/p>\n<ol>\n<li style=\"font-weight: 400\"><span style=\"font-weight: 400\">Gobernanza algor\u00edtmica y toma de decisiones basada en datos<\/span><\/li>\n<li style=\"font-weight: 400\"><span style=\"font-weight: 400\">Liderazgo en proyectos de transformaci\u00f3n digital con enfoque en riesgos<\/span><\/li>\n<li style=\"font-weight: 400\"><span style=\"font-weight: 400\">Estrategia de datos, compliance digital y evaluaci\u00f3n de impactos<\/span><\/li>\n<li style=\"font-weight: 400\"><span style=\"font-weight: 400\">Planificaci\u00f3n de escenarios y simulaci\u00f3n de crisis con IA<\/span><\/li>\n<li style=\"font-weight: 400\"><span style=\"font-weight: 400\">Dise\u00f1o de roadmap para un sistema de cumplimiento basado en tecnolog\u00eda<\/span><\/li>\n<\/ol>\n<p data-start=\"155\" data-end=\"253\"><strong data-start=\"155\" data-end=\"251\">Condiciones de participaci\u00f3n \u2013 Tercera temporada de la Masterclass Gesti\u00f3n de Riesgos con IA<\/strong><\/p>\n<p data-start=\"255\" data-end=\"495\">La tercera temporada se llevar\u00e1 a cabo en modalidad <strong data-start=\"307\" data-end=\"336\">workshop online y en vivo<\/strong>, con <strong data-start=\"342\" data-end=\"364\">inscripci\u00f3n previa<\/strong>. Las sesiones se programar\u00e1n con una frecuencia aproximada de <strong data-start=\"465\" data-end=\"492\">una vez cada dos meses<\/strong>.<\/p>\n<p data-start=\"497\" data-end=\"781\">La participaci\u00f3n en esta temporada <strong data-start=\"532\" data-end=\"641\">est\u00e1 condicionada a la finalizaci\u00f3n previa de la primera y segunda temporada de Gesti\u00f3n de Riesgos con IA<\/strong>, ya que los contenidos y ejercicios pr\u00e1cticos est\u00e1n dise\u00f1ados para ser aplicados sobre los conocimientos adquiridos en dichas temporadas.<\/p>\n<p data-start=\"783\" data-end=\"860\">La inscripci\u00f3n y participaci\u00f3n implican la aceptaci\u00f3n de estas condiciones.<\/p>\n\t\t\t\t\t\t\t\t\t\t\t<\/div>\n\t\t\t\t<\/div>\n\t\t\t\t\t\t\t\t\t\t\t\t\t\t<\/div>\n\n\t\t[\/vc_column][\/vc_row][vc_row][vc_column][vc_column_text css=\u00bb\u00bb woodmart_inline=\u00bbno\u00bb text_larger=\u00bbno\u00bb]<span style=\"font-weight: 400\">Destinado a: Compliance Officers, responsables de cumplimiento, gerentes de riesgo, analistas de riesgo, auditores internos, especialistas en control interno, directivos, consultores, l\u00edderes de transformaci\u00f3n digital, abogados, economistas, especialistas en compliance tecnol\u00f3gico.<\/span>[\/vc_column_text][\/vc_column][\/vc_row]<\/p>\n<\/div>","protected":false},"excerpt":{"rendered":"<p>Si quieres fraccionar el pago, <a href=\"https:\/\/meetings.hubspot.com\/nnino?uuid=e33a6a2d-2a5f-48bf-b92d-f5de2dfdbaa2\">consulta sin compromiso.<\/a><\/p>\n<p>Deja atr\u00e1s las hojas de c\u00e1lculo: la gesti\u00f3n de riesgos ya no es manual, es algor\u00edtmica. En esta Masterplus aprender\u00e1s a usar IA para anticipar amenazas, automatizar auditor\u00edas y dese\u00f1ar estrategias de cumplimiento que resistan cualquier crisis.<\/p>\n<ul>\n<li><img loading=\"lazy\" decoding=\"async\" class=\"attachment-30x30 size-30x30\" src=\"https:\/\/tothcompliance.com\/academy\/wp-content\/uploads\/sites\/5\/2023\/12\/tiempo-30x30.png\" alt=\"\" width=\"20\" height=\"20\" \/> <span class=\"list-content\">Duraci\u00f3n Offline :<strong> 9<\/strong><b> Episodios. 5 horas.<\/b><\/span><\/li>\n<li><img loading=\"lazy\" decoding=\"async\" class=\"attachment-30x30 size-30x30\" src=\"https:\/\/tothcompliance.com\/academy\/wp-content\/uploads\/sites\/5\/2023\/12\/tiempo-30x30.png\" alt=\"\" width=\"20\" height=\"20\" \/> <span class=\"list-content\">Duraci\u00f3n Workshop Online:<strong> 2<\/strong><b> Sesiones. 5 horas.<\/b><\/span><\/li>\n<\/ul>\n","protected":false},"featured_media":2139,"comment_status":"closed","ping_status":"closed","template":"","meta":{"content-type":""},"product_brand":[],"product_cat":[138,117,118],"product_tag":[90],"class_list":{"0":"post-2138","1":"product","2":"type-product","3":"status-publish","4":"has-post-thumbnail","6":"product_cat-ia","7":"product_cat-masterplus","8":"product_cat-risgo","9":"product_tag-asincronico","11":"first","12":"instock","13":"virtual","14":"purchasable","15":"product-type-simple"},"yoast_head":"<!-- This site is optimized with the Yoast SEO plugin v27.3 - https:\/\/yoast.com\/product\/yoast-seo-wordpress\/ -->\n<title>Gesti\u00f3n de Riesgos con IA - TOTH Academy<\/title>\n<meta name=\"robots\" content=\"index, follow, max-snippet:-1, max-image-preview:large, max-video-preview:-1\" \/>\n<link rel=\"canonical\" href=\"https:\/\/www.tothcompliance.com\/academy\/masterclass\/gestion-de-riesgos-con-ia\/\" \/>\n<meta property=\"og:locale\" content=\"es_ES\" \/>\n<meta property=\"og:type\" content=\"article\" \/>\n<meta property=\"og:title\" content=\"Gesti\u00f3n de Riesgos con IA - TOTH Academy\" \/>\n<meta property=\"og:description\" content=\"Si quieres fraccionar el pago, consulta sin compromiso.  Deja atr\u00e1s las hojas de c\u00e1lculo: la gesti\u00f3n de riesgos ya no es manual, es algor\u00edtmica. En esta Masterplus aprender\u00e1s a usar IA para anticipar amenazas, automatizar auditor\u00edas y dese\u00f1ar estrategias de cumplimiento que resistan cualquier crisis.    Duraci\u00f3n Offline : 9 Episodios. 5 horas.   Duraci\u00f3n Workshop Online: 2 Sesiones. 5 horas.\" \/>\n<meta property=\"og:url\" content=\"https:\/\/www.tothcompliance.com\/academy\/masterclass\/gestion-de-riesgos-con-ia\/\" \/>\n<meta property=\"og:site_name\" content=\"TOTH Academy\" \/>\n<meta property=\"article:modified_time\" content=\"2026-02-23T20:08:29+00:00\" \/>\n<meta property=\"og:image\" content=\"https:\/\/www.tothcompliance.com\/academy\/wp-content\/uploads\/sites\/5\/2025\/09\/Banner-JPG_Jose-Serrano.jpg\" \/>\n\t<meta property=\"og:image:width\" content=\"1748\" \/>\n\t<meta property=\"og:image:height\" content=\"1240\" \/>\n\t<meta property=\"og:image:type\" content=\"image\/jpeg\" \/>\n<meta name=\"twitter:card\" content=\"summary_large_image\" \/>\n<meta name=\"twitter:label1\" content=\"Tiempo de lectura\" \/>\n\t<meta name=\"twitter:data1\" content=\"3 minutos\" \/>\n<script type=\"application\/ld+json\" class=\"yoast-schema-graph\">{\"@context\":\"https:\\\/\\\/schema.org\",\"@graph\":[{\"@type\":\"WebPage\",\"@id\":\"https:\\\/\\\/www.tothcompliance.com\\\/academy\\\/masterclass\\\/gestion-de-riesgos-con-ia\\\/\",\"url\":\"https:\\\/\\\/www.tothcompliance.com\\\/academy\\\/masterclass\\\/gestion-de-riesgos-con-ia\\\/\",\"name\":\"Gesti\u00f3n de Riesgos con IA - TOTH Academy\",\"isPartOf\":{\"@id\":\"https:\\\/\\\/www.tothcompliance.com\\\/academy\\\/#website\"},\"primaryImageOfPage\":{\"@id\":\"https:\\\/\\\/www.tothcompliance.com\\\/academy\\\/masterclass\\\/gestion-de-riesgos-con-ia\\\/#primaryimage\"},\"image\":{\"@id\":\"https:\\\/\\\/www.tothcompliance.com\\\/academy\\\/masterclass\\\/gestion-de-riesgos-con-ia\\\/#primaryimage\"},\"thumbnailUrl\":\"https:\\\/\\\/www.tothcompliance.com\\\/academy\\\/wp-content\\\/uploads\\\/sites\\\/5\\\/2025\\\/09\\\/Banner-JPG_Jose-Serrano.jpg\",\"datePublished\":\"2025-09-04T12:05:18+00:00\",\"dateModified\":\"2026-02-23T20:08:29+00:00\",\"breadcrumb\":{\"@id\":\"https:\\\/\\\/www.tothcompliance.com\\\/academy\\\/masterclass\\\/gestion-de-riesgos-con-ia\\\/#breadcrumb\"},\"inLanguage\":\"es\",\"potentialAction\":[{\"@type\":\"ReadAction\",\"target\":[\"https:\\\/\\\/www.tothcompliance.com\\\/academy\\\/masterclass\\\/gestion-de-riesgos-con-ia\\\/\"]}]},{\"@type\":\"ImageObject\",\"inLanguage\":\"es\",\"@id\":\"https:\\\/\\\/www.tothcompliance.com\\\/academy\\\/masterclass\\\/gestion-de-riesgos-con-ia\\\/#primaryimage\",\"url\":\"https:\\\/\\\/www.tothcompliance.com\\\/academy\\\/wp-content\\\/uploads\\\/sites\\\/5\\\/2025\\\/09\\\/Banner-JPG_Jose-Serrano.jpg\",\"contentUrl\":\"https:\\\/\\\/www.tothcompliance.com\\\/academy\\\/wp-content\\\/uploads\\\/sites\\\/5\\\/2025\\\/09\\\/Banner-JPG_Jose-Serrano.jpg\",\"width\":1748,\"height\":1240},{\"@type\":\"BreadcrumbList\",\"@id\":\"https:\\\/\\\/www.tothcompliance.com\\\/academy\\\/masterclass\\\/gestion-de-riesgos-con-ia\\\/#breadcrumb\",\"itemListElement\":[{\"@type\":\"ListItem\",\"position\":1,\"name\":\"Portada\",\"item\":\"https:\\\/\\\/www.tothcompliance.com\\\/academy\\\/\"},{\"@type\":\"ListItem\",\"position\":2,\"name\":\"Masters\",\"item\":\"https:\\\/\\\/www.tothcompliance.com\\\/academy\\\/masterclass\\\/\"},{\"@type\":\"ListItem\",\"position\":3,\"name\":\"Gesti\u00f3n de Riesgos con IA\"}]},{\"@type\":\"WebSite\",\"@id\":\"https:\\\/\\\/www.tothcompliance.com\\\/academy\\\/#website\",\"url\":\"https:\\\/\\\/www.tothcompliance.com\\\/academy\\\/\",\"name\":\"TOTH Academy\",\"description\":\"\",\"publisher\":{\"@id\":\"https:\\\/\\\/www.tothcompliance.com\\\/academy\\\/#organization\"},\"potentialAction\":[{\"@type\":\"SearchAction\",\"target\":{\"@type\":\"EntryPoint\",\"urlTemplate\":\"https:\\\/\\\/www.tothcompliance.com\\\/academy\\\/?s={search_term_string}\"},\"query-input\":{\"@type\":\"PropertyValueSpecification\",\"valueRequired\":true,\"valueName\":\"search_term_string\"}}],\"inLanguage\":\"es\"},{\"@type\":\"Organization\",\"@id\":\"https:\\\/\\\/www.tothcompliance.com\\\/academy\\\/#organization\",\"name\":\"TOTH Academy\",\"url\":\"https:\\\/\\\/www.tothcompliance.com\\\/academy\\\/\",\"logo\":{\"@type\":\"ImageObject\",\"inLanguage\":\"es\",\"@id\":\"https:\\\/\\\/www.tothcompliance.com\\\/academy\\\/#\\\/schema\\\/logo\\\/image\\\/\",\"url\":\"https:\\\/\\\/www.tothcompliance.com\\\/academy\\\/wp-content\\\/uploads\\\/sites\\\/5\\\/2023\\\/12\\\/toth-marca-02.svg\",\"contentUrl\":\"https:\\\/\\\/www.tothcompliance.com\\\/academy\\\/wp-content\\\/uploads\\\/sites\\\/5\\\/2023\\\/12\\\/toth-marca-02.svg\",\"width\":193,\"height\":83,\"caption\":\"TOTH Academy\"},\"image\":{\"@id\":\"https:\\\/\\\/www.tothcompliance.com\\\/academy\\\/#\\\/schema\\\/logo\\\/image\\\/\"},\"sameAs\":[\"https:\\\/\\\/www.linkedin.com\\\/company\\\/tothacademy\",\"https:\\\/\\\/www.instagram.com\\\/tothacademy\\\/\"]}]}<\/script>\n<!-- \/ Yoast SEO plugin. -->","yoast_head_json":{"title":"Gesti\u00f3n de Riesgos con IA - TOTH Academy","robots":{"index":"index","follow":"follow","max-snippet":"max-snippet:-1","max-image-preview":"max-image-preview:large","max-video-preview":"max-video-preview:-1"},"canonical":"https:\/\/www.tothcompliance.com\/academy\/masterclass\/gestion-de-riesgos-con-ia\/","og_locale":"es_ES","og_type":"article","og_title":"Gesti\u00f3n de Riesgos con IA - TOTH Academy","og_description":"Si quieres fraccionar el pago, consulta sin compromiso.  Deja atr\u00e1s las hojas de c\u00e1lculo: la gesti\u00f3n de riesgos ya no es manual, es algor\u00edtmica. En esta Masterplus aprender\u00e1s a usar IA para anticipar amenazas, automatizar auditor\u00edas y dese\u00f1ar estrategias de cumplimiento que resistan cualquier crisis.    Duraci\u00f3n Offline : 9 Episodios. 5 horas.   Duraci\u00f3n Workshop Online: 2 Sesiones. 5 horas.","og_url":"https:\/\/www.tothcompliance.com\/academy\/masterclass\/gestion-de-riesgos-con-ia\/","og_site_name":"TOTH Academy","article_modified_time":"2026-02-23T20:08:29+00:00","og_image":[{"width":1748,"height":1240,"url":"https:\/\/www.tothcompliance.com\/academy\/wp-content\/uploads\/sites\/5\/2025\/09\/Banner-JPG_Jose-Serrano.jpg","type":"image\/jpeg"}],"twitter_card":"summary_large_image","twitter_misc":{"Tiempo de lectura":"3 minutos"},"schema":{"@context":"https:\/\/schema.org","@graph":[{"@type":"WebPage","@id":"https:\/\/www.tothcompliance.com\/academy\/masterclass\/gestion-de-riesgos-con-ia\/","url":"https:\/\/www.tothcompliance.com\/academy\/masterclass\/gestion-de-riesgos-con-ia\/","name":"Gesti\u00f3n de Riesgos con IA - TOTH Academy","isPartOf":{"@id":"https:\/\/www.tothcompliance.com\/academy\/#website"},"primaryImageOfPage":{"@id":"https:\/\/www.tothcompliance.com\/academy\/masterclass\/gestion-de-riesgos-con-ia\/#primaryimage"},"image":{"@id":"https:\/\/www.tothcompliance.com\/academy\/masterclass\/gestion-de-riesgos-con-ia\/#primaryimage"},"thumbnailUrl":"https:\/\/www.tothcompliance.com\/academy\/wp-content\/uploads\/sites\/5\/2025\/09\/Banner-JPG_Jose-Serrano.jpg","datePublished":"2025-09-04T12:05:18+00:00","dateModified":"2026-02-23T20:08:29+00:00","breadcrumb":{"@id":"https:\/\/www.tothcompliance.com\/academy\/masterclass\/gestion-de-riesgos-con-ia\/#breadcrumb"},"inLanguage":"es","potentialAction":[{"@type":"ReadAction","target":["https:\/\/www.tothcompliance.com\/academy\/masterclass\/gestion-de-riesgos-con-ia\/"]}]},{"@type":"ImageObject","inLanguage":"es","@id":"https:\/\/www.tothcompliance.com\/academy\/masterclass\/gestion-de-riesgos-con-ia\/#primaryimage","url":"https:\/\/www.tothcompliance.com\/academy\/wp-content\/uploads\/sites\/5\/2025\/09\/Banner-JPG_Jose-Serrano.jpg","contentUrl":"https:\/\/www.tothcompliance.com\/academy\/wp-content\/uploads\/sites\/5\/2025\/09\/Banner-JPG_Jose-Serrano.jpg","width":1748,"height":1240},{"@type":"BreadcrumbList","@id":"https:\/\/www.tothcompliance.com\/academy\/masterclass\/gestion-de-riesgos-con-ia\/#breadcrumb","itemListElement":[{"@type":"ListItem","position":1,"name":"Portada","item":"https:\/\/www.tothcompliance.com\/academy\/"},{"@type":"ListItem","position":2,"name":"Masters","item":"https:\/\/www.tothcompliance.com\/academy\/masterclass\/"},{"@type":"ListItem","position":3,"name":"Gesti\u00f3n de Riesgos con IA"}]},{"@type":"WebSite","@id":"https:\/\/www.tothcompliance.com\/academy\/#website","url":"https:\/\/www.tothcompliance.com\/academy\/","name":"TOTH Academy","description":"","publisher":{"@id":"https:\/\/www.tothcompliance.com\/academy\/#organization"},"potentialAction":[{"@type":"SearchAction","target":{"@type":"EntryPoint","urlTemplate":"https:\/\/www.tothcompliance.com\/academy\/?s={search_term_string}"},"query-input":{"@type":"PropertyValueSpecification","valueRequired":true,"valueName":"search_term_string"}}],"inLanguage":"es"},{"@type":"Organization","@id":"https:\/\/www.tothcompliance.com\/academy\/#organization","name":"TOTH Academy","url":"https:\/\/www.tothcompliance.com\/academy\/","logo":{"@type":"ImageObject","inLanguage":"es","@id":"https:\/\/www.tothcompliance.com\/academy\/#\/schema\/logo\/image\/","url":"https:\/\/www.tothcompliance.com\/academy\/wp-content\/uploads\/sites\/5\/2023\/12\/toth-marca-02.svg","contentUrl":"https:\/\/www.tothcompliance.com\/academy\/wp-content\/uploads\/sites\/5\/2023\/12\/toth-marca-02.svg","width":193,"height":83,"caption":"TOTH Academy"},"image":{"@id":"https:\/\/www.tothcompliance.com\/academy\/#\/schema\/logo\/image\/"},"sameAs":["https:\/\/www.linkedin.com\/company\/tothacademy","https:\/\/www.instagram.com\/tothacademy\/"]}]}},"jetpack_sharing_enabled":true,"_links":{"self":[{"href":"https:\/\/www.tothcompliance.com\/academy\/wp-json\/wp\/v2\/product\/2138","targetHints":{"allow":["GET"]}}],"collection":[{"href":"https:\/\/www.tothcompliance.com\/academy\/wp-json\/wp\/v2\/product"}],"about":[{"href":"https:\/\/www.tothcompliance.com\/academy\/wp-json\/wp\/v2\/types\/product"}],"replies":[{"embeddable":true,"href":"https:\/\/www.tothcompliance.com\/academy\/wp-json\/wp\/v2\/comments?post=2138"}],"wp:featuredmedia":[{"embeddable":true,"href":"https:\/\/www.tothcompliance.com\/academy\/wp-json\/wp\/v2\/media\/2139"}],"wp:attachment":[{"href":"https:\/\/www.tothcompliance.com\/academy\/wp-json\/wp\/v2\/media?parent=2138"}],"wp:term":[{"taxonomy":"product_brand","embeddable":true,"href":"https:\/\/www.tothcompliance.com\/academy\/wp-json\/wp\/v2\/product_brand?post=2138"},{"taxonomy":"product_cat","embeddable":true,"href":"https:\/\/www.tothcompliance.com\/academy\/wp-json\/wp\/v2\/product_cat?post=2138"},{"taxonomy":"product_tag","embeddable":true,"href":"https:\/\/www.tothcompliance.com\/academy\/wp-json\/wp\/v2\/product_tag?post=2138"}],"curies":[{"name":"wp","href":"https:\/\/api.w.org\/{rel}","templated":true}]}}