{"id":684,"date":"2024-01-23T17:50:28","date_gmt":"2024-01-23T17:50:28","guid":{"rendered":"https:\/\/tothcompliance.com\/academy\/?post_type=product&#038;p=684"},"modified":"2025-06-24T12:57:54","modified_gmt":"2025-06-24T12:57:54","slug":"manejo-de-terceros-y-debida-diligencia-nuevas-fronteras-desafios-y-oportunidades","status":"publish","type":"product","link":"https:\/\/www.tothcompliance.com\/academy\/masterclass\/manejo-de-terceros-y-debida-diligencia-nuevas-fronteras-desafios-y-oportunidades\/","title":{"rendered":"Manejo de terceros y Debida Diligencia: nuevas fronteras, desaf\u00edos y oportunidades"},"content":{"rendered":"<div class=\"wpb-content-wrapper\"><p>[vc_row responsive_tabs_advanced=\u00bbmobile\u00bb woodmart_css_id=\u00bb65a7e5ee1d391&#8243; responsive_spacing=\u00bbeyJwYXJhbV90eXBlIjoid29vZG1hcnRfcmVzcG9uc2l2ZV9zcGFjaW5nIiwic2VsZWN0b3JfaWQiOiI2NWE3ZTVlZTFkMzkxIiwic2hvcnRjb2RlIjoidmNfcm93IiwiZGF0YSI6eyJ0YWJsZXQiOnt9LCJtb2JpbGUiOnt9fX0=\u00bb mobile_bg_img_hidden=\u00bbno\u00bb tablet_bg_img_hidden=\u00bbno\u00bb woodmart_parallax=\u00bb0&#8243; woodmart_gradient_switch=\u00bbno\u00bb woodmart_box_shadow=\u00bbno\u00bb wd_z_index=\u00bbno\u00bb woodmart_disable_overflow=\u00bb0&#8243; row_reverse_mobile=\u00bb1&#8243; row_reverse_tablet=\u00bb1&#8243;][vc_column width=\u00bb7\/12&#8243; offset=\u00bbvc_col-lg-offset-0&#8243; woodmart_css_id=\u00bb65a7e5f6c83d2&#8243; parallax_scroll=\u00bbno\u00bb woodmart_sticky_column=\u00bbfalse\u00bb wd_collapsible_content_switcher=\u00bbno\u00bb wd_column_role_offcanvas_desktop=\u00bbno\u00bb wd_column_role_offcanvas_tablet=\u00bbno\u00bb wd_column_role_offcanvas_mobile=\u00bbno\u00bb wd_column_role_content_desktop=\u00bbno\u00bb wd_column_role_content_tablet=\u00bbno\u00bb wd_column_role_content_mobile=\u00bbno\u00bb mobile_bg_img_hidden=\u00bbno\u00bb tablet_bg_img_hidden=\u00bbno\u00bb woodmart_parallax=\u00bb0&#8243; woodmart_box_shadow=\u00bbno\u00bb responsive_spacing=\u00bbeyJwYXJhbV90eXBlIjoid29vZG1hcnRfcmVzcG9uc2l2ZV9zcGFjaW5nIiwic2VsZWN0b3JfaWQiOiI2NWE3ZTVmNmM4M2QyIiwic2hvcnRjb2RlIjoidmNfY29sdW1uIiwiZGF0YSI6eyJ0YWJsZXQiOnt9LCJtb2JpbGUiOnt9fX0=\u00bb mobile_reset_margin=\u00bbno\u00bb tablet_reset_margin=\u00bbno\u00bb wd_z_index=\u00bbno\u00bb]\t\t<div id=\"wd-65c22cfcafc57\" class=\"wd-text-block wd-wpb reset-last-child wd-rs-65c22cfcafc57 text-left \">\n\t\t\t<h4>\u00bfQu\u00e9 aprender\u00e1s en esta MasterClass?<\/h4>\n<div class=\"page\" title=\"Page 1\">\n<div class=\"layoutArea\">\n<div class=\"column\"><\/div>\n<\/div>\n<\/div>\n<p>Un sostenido aumento del escrutinio normativo, as\u00ed como una sociedad civil m\u00e1s empoderada respecto de la integridad corporativa ha puesto de relieve los riesgos para la reputaci\u00f3n de las pr\u00e1cticas empresariales poco \u00e9ticas en las que intervienen terceras partes (por ejemplo, proveedores o socios comerciales). Si bien, un c\u00f3digo de conducta corporativo puede aplicarse internamente, \u00bfc\u00f3mo asegurarse que las terceras partes con las cuales se interrelacionan las organizaciones est\u00e1n a la altura de los valores y expectativas de estas?<\/p>\n\t\t<\/div>\n\t\t[vc_separator wd_hide_on_desktop=\u00bbno\u00bb wd_hide_on_tablet=\u00bbno\u00bb wd_hide_on_mobile=\u00bbno\u00bb]\t\t<div id=\"wd-65bd52ed49194\" class=\"wd-text-block wd-wpb reset-last-child wd-rs-65bd52ed49194 text-left \">\n\t\t\t<p><em><strong>Requisitos T\u00e9cnicos:<\/strong> Se requiere una conectividad estable y la disponibilidad de un dispositivo con navegador web actualizado.<\/em><\/p>\n\t\t<\/div>\n\t\t[vc_separator wd_hide_on_desktop=\u00bbno\u00bb wd_hide_on_tablet=\u00bbno\u00bb wd_hide_on_mobile=\u00bbno\u00bb]\n\t\t<div id=\"wd-65a0170f7135c\" class=\"title-wrapper wd-wpb wd-set-mb reset-last-child  wd-rs-65a0170f7135c wd-title-color-default wd-title-style-default text-left  wd-underline-colored\">\n\t\t\t\n\t\t\t<div class=\"liner-continer\">\n\t\t\t\t<h4 class=\"woodmart-title-container title  wd-font-weight- wd-fontsize-l\" >Temario<\/h4>\n\t\t\t\t\t\t\t<\/div>\n\t\t\t\n\t\t\t\n\t\t\t\n\t\t<\/div>\n\t\t\n\t\t\t\t<div id=\"wd-65bd0d912d566\" class=\"wd-text-block wd-wpb reset-last-child wd-rs-65bd0d912d566 text-left \">\n\t\t\t<ul>\n<li><span style=\"font-weight: 400;\">Tendencias normativas que impulsan un mayor escrutinio de terceros.<\/span><\/li>\n<li><span style=\"font-weight: 400;\">Desaf\u00edos comunes a los que se enfrentan las organizaciones al llevar a cabo la diligencia debida.<\/span><\/li>\n<li><span style=\"font-weight: 400;\">C\u00f3mo incorporar la automatizaci\u00f3n a sus procesos de diligencia debida.<\/span><\/li>\n<li><span style=\"font-weight: 400;\">Interrelaciones con tem\u00e1tica de Sostenibilidad corporativa<\/span><\/li>\n<\/ul>\n\t\t<\/div>\n\t\t[\/vc_column][vc_column width=\u00bb5\/12&#8243; woodmart_css_id=\u00bb65a7e7115b06d\u00bb parallax_scroll=\u00bbno\u00bb woodmart_sticky_column=\u00bbfalse\u00bb wd_collapsible_content_switcher=\u00bbno\u00bb wd_column_role_offcanvas_desktop=\u00bbno\u00bb wd_column_role_offcanvas_tablet=\u00bbno\u00bb wd_column_role_offcanvas_mobile=\u00bbno\u00bb wd_column_role_content_desktop=\u00bbno\u00bb wd_column_role_content_tablet=\u00bbno\u00bb wd_column_role_content_mobile=\u00bbno\u00bb mobile_bg_img_hidden=\u00bbno\u00bb tablet_bg_img_hidden=\u00bbno\u00bb woodmart_parallax=\u00bb0&#8243; woodmart_box_shadow=\u00bbno\u00bb responsive_spacing=\u00bbeyJwYXJhbV90eXBlIjoid29vZG1hcnRfcmVzcG9uc2l2ZV9zcGFjaW5nIiwic2VsZWN0b3JfaWQiOiI2NWE3ZTcxMTViMDZkIiwic2hvcnRjb2RlIjoidmNfY29sdW1uIiwiZGF0YSI6eyJ0YWJsZXQiOnt9LCJtb2JpbGUiOnt9fX0=\u00bb mobile_reset_margin=\u00bbno\u00bb tablet_reset_margin=\u00bbno\u00bb wd_z_index=\u00bbno\u00bb offset=\u00bbvc_col-lg-offset-0&#8243;]\t\t\t<div class=\"info-box-wrapper\">\n\t\t\t\t<div id=\"wd-681cfa128ab45\" class=\" wd-rs-681cfa128ab45 hidden-lg wd-info-box wd-wpb text-left box-icon-align-left box-style-shadow color-scheme- wd-bg-none wd-items-middle vc_custom_1746729498292\">\n\t\t\t\t\t\t\t\t\t\t\t<div class=\"box-icon-wrapper  box-with-icon box-icon-with-bg\">\n\t\t\t\t\t\t\t<div class=\"info-box-icon\">\n\t\t\t\t\t\t\t\t<img loading=\"lazy\" decoding=\"async\" width=\"60\" height=\"60\" src=\"https:\/\/www.tothcompliance.com\/academy\/wp-content\/uploads\/sites\/5\/2023\/12\/calendario-60x60.png\" class=\"attachment-60x60 size-60x60\" alt=\"\" srcset=\"https:\/\/www.tothcompliance.com\/academy\/wp-content\/uploads\/sites\/5\/2023\/12\/calendario-60x60.png 60w, https:\/\/www.tothcompliance.com\/academy\/wp-content\/uploads\/sites\/5\/2023\/12\/calendario-300x300.png 300w, https:\/\/www.tothcompliance.com\/academy\/wp-content\/uploads\/sites\/5\/2023\/12\/calendario-150x150.png 150w, https:\/\/www.tothcompliance.com\/academy\/wp-content\/uploads\/sites\/5\/2023\/12\/calendario-30x30.png 30w, https:\/\/www.tothcompliance.com\/academy\/wp-content\/uploads\/sites\/5\/2023\/12\/calendario.png 460w\" sizes=\"auto, (max-width: 60px) 100vw, 60px\" \/>\t\t\t\t\t\t\t<\/div>\n\t\t\t\t\t\t<\/div>\n\t\t\t\t\t\t\t\t\t\t<div class=\"info-box-content\">\n\t\t\t\t\t\t<h4 class=\"info-box-title title box-title-style-default wd-fontsize-m\">D\u00edas de Cursado<\/h4>\t\t\t\t\t\t<div class=\"info-box-inner reset-last-child\"><p><span style=\"font-weight: 400;\">a confirmar.<\/span><\/p>\n<\/div>\n\n\t\t\t\t\t\t\t\t\t\t\t<\/div>\n\n\t\t\t\t\t\n\t\t\t\t\t<style>#wd-681cfa128ab45 .info-box-icon {border-color:  !important;}<\/style>\t\t\t\t<\/div>\n\t\t\t<\/div>\n\t\t\t\t\t<div class=\"info-box-wrapper\">\n\t\t\t\t<div id=\"wd-681cfa1d51f02\" class=\" wd-rs-681cfa1d51f02 hidden-lg wd-info-box wd-wpb text-left box-icon-align-left box-style-shadow color-scheme- wd-bg-none wd-items-top vc_custom_1746729507582\">\n\t\t\t\t\t\t\t\t\t\t\t<div class=\"box-icon-wrapper  box-with-icon box-icon-with-bg\">\n\t\t\t\t\t\t\t<div class=\"info-box-icon\">\n\t\t\t\t\t\t\t\t<img loading=\"lazy\" decoding=\"async\" width=\"60\" height=\"60\" src=\"https:\/\/www.tothcompliance.com\/academy\/wp-content\/uploads\/sites\/5\/2024\/01\/toth-academy-45min-60x60.png\" class=\"attachment-60x60 size-60x60\" alt=\"\" srcset=\"https:\/\/www.tothcompliance.com\/academy\/wp-content\/uploads\/sites\/5\/2024\/01\/toth-academy-45min-60x60.png 60w, https:\/\/www.tothcompliance.com\/academy\/wp-content\/uploads\/sites\/5\/2024\/01\/toth-academy-45min-300x300.png 300w, https:\/\/www.tothcompliance.com\/academy\/wp-content\/uploads\/sites\/5\/2024\/01\/toth-academy-45min-150x150.png 150w, https:\/\/www.tothcompliance.com\/academy\/wp-content\/uploads\/sites\/5\/2024\/01\/toth-academy-45min.png 460w\" sizes=\"auto, (max-width: 60px) 100vw, 60px\" \/>\t\t\t\t\t\t\t<\/div>\n\t\t\t\t\t\t<\/div>\n\t\t\t\t\t\t\t\t\t\t<div class=\"info-box-content\">\n\t\t\t\t\t\t<h4 class=\"info-box-title title box-title-style-default wd-fontsize-m\">Horario<\/h4>\t\t\t\t\t\t<div class=\"info-box-inner reset-last-child\"><p><a href=\"https:\/\/tothcompliance.com\/academy\/wp-content\/uploads\/sites\/5\/2024\/01\/toth-academy-img-69.png\"><img loading=\"lazy\" decoding=\"async\" class=\"alignnone wp-image-613\" src=\"https:\/\/tothcompliance.com\/academy\/wp-content\/uploads\/sites\/5\/2024\/01\/toth-academy-img-69.png\" alt=\"\" width=\"22\" height=\"22\" \/><\/a><a href=\"https:\/\/tothcompliance.com\/academy\/wp-content\/uploads\/sites\/5\/2024\/01\/guatemala.png\"><img loading=\"lazy\" decoding=\"async\" class=\"alignnone wp-image-833\" src=\"https:\/\/tothcompliance.com\/academy\/wp-content\/uploads\/sites\/5\/2024\/01\/guatemala.png\" alt=\"\" width=\"22\" height=\"22\" \/><\/a><a href=\"https:\/\/tothcompliance.com\/academy\/wp-content\/uploads\/sites\/5\/2024\/01\/costa-rica.png\"><img loading=\"lazy\" decoding=\"async\" class=\"alignnone wp-image-830\" src=\"https:\/\/tothcompliance.com\/academy\/wp-content\/uploads\/sites\/5\/2024\/01\/costa-rica.png\" alt=\"\" width=\"22\" height=\"22\" \/><\/a><a href=\"https:\/\/tothcompliance.com\/academy\/wp-content\/uploads\/sites\/5\/2024\/01\/honduras.png\"><img loading=\"lazy\" decoding=\"async\" class=\"alignnone wp-image-834\" src=\"https:\/\/tothcompliance.com\/academy\/wp-content\/uploads\/sites\/5\/2024\/01\/honduras.png\" alt=\"\" width=\"22\" height=\"22\" \/><\/a><a href=\"https:\/\/tothcompliance.com\/academy\/wp-content\/uploads\/sites\/5\/2024\/01\/salvador.png\"><img loading=\"lazy\" decoding=\"async\" class=\"alignnone wp-image-836\" src=\"https:\/\/tothcompliance.com\/academy\/wp-content\/uploads\/sites\/5\/2024\/01\/salvador.png\" alt=\"\" width=\"22\" height=\"22\" \/><\/a><\/p>\n<p><a href=\"https:\/\/tothcompliance.com\/academy\/wp-content\/uploads\/sites\/5\/2024\/01\/ecuador.png\"><img loading=\"lazy\" decoding=\"async\" class=\"alignnone wp-image-832\" src=\"https:\/\/tothcompliance.com\/academy\/wp-content\/uploads\/sites\/5\/2024\/01\/ecuador.png\" alt=\"\" width=\"22\" height=\"22\" \/><\/a> <a href=\"https:\/\/tothcompliance.com\/academy\/wp-content\/uploads\/sites\/5\/2024\/01\/panama.png\"><img loading=\"lazy\" decoding=\"async\" class=\"alignnone wp-image-835\" src=\"https:\/\/tothcompliance.com\/academy\/wp-content\/uploads\/sites\/5\/2024\/01\/panama.png\" alt=\"\" width=\"22\" height=\"22\" \/><\/a><a href=\"https:\/\/tothcompliance.com\/academy\/wp-content\/uploads\/sites\/5\/2024\/01\/toth-academy-img-63.png\"><img loading=\"lazy\" decoding=\"async\" class=\"alignnone wp-image-607\" src=\"https:\/\/tothcompliance.com\/academy\/wp-content\/uploads\/sites\/5\/2024\/01\/toth-academy-img-63.png\" alt=\"\" width=\"22\" height=\"22\" \/><\/a>\u00a0<a href=\"https:\/\/tothcompliance.com\/academy\/wp-content\/uploads\/sites\/5\/2024\/01\/toth-academy-img-67.png\"><img loading=\"lazy\" decoding=\"async\" class=\"alignnone wp-image-611\" src=\"https:\/\/tothcompliance.com\/academy\/wp-content\/uploads\/sites\/5\/2024\/01\/toth-academy-img-67.png\" alt=\"\" width=\"22\" height=\"22\" \/><\/a><\/p>\n<p><a href=\"https:\/\/tothcompliance.com\/academy\/wp-content\/uploads\/sites\/5\/2024\/01\/bolivia.png\"><img loading=\"lazy\" decoding=\"async\" class=\"alignnone wp-image-829\" src=\"https:\/\/tothcompliance.com\/academy\/wp-content\/uploads\/sites\/5\/2024\/01\/bolivia.png\" alt=\"\" width=\"22\" height=\"22\" \/><\/a>\u00a0<a href=\"https:\/\/tothcompliance.com\/academy\/wp-content\/uploads\/sites\/5\/2024\/01\/dominicana.png\"><img loading=\"lazy\" decoding=\"async\" class=\"alignnone wp-image-831\" src=\"https:\/\/tothcompliance.com\/academy\/wp-content\/uploads\/sites\/5\/2024\/01\/dominicana.png\" alt=\"\" width=\"22\" height=\"22\" \/><\/a><\/p>\n<p><a href=\"https:\/\/tothcompliance.com\/academy\/wp-content\/uploads\/sites\/5\/2024\/01\/toth-academy-img-68.png\"><img loading=\"lazy\" decoding=\"async\" class=\"alignnone wp-image-612\" src=\"https:\/\/tothcompliance.com\/academy\/wp-content\/uploads\/sites\/5\/2024\/01\/toth-academy-img-68.png\" alt=\"\" width=\"22\" height=\"22\" \/><\/a>\u00a0<a href=\"https:\/\/tothcompliance.com\/academy\/wp-content\/uploads\/sites\/5\/2024\/01\/toth-academy-img-65.png\"><img loading=\"lazy\" decoding=\"async\" class=\"alignnone wp-image-609\" src=\"https:\/\/tothcompliance.com\/academy\/wp-content\/uploads\/sites\/5\/2024\/01\/toth-academy-img-65.png\" alt=\"\" width=\"22\" height=\"22\" \/><\/a>\u00a0<a href=\"https:\/\/tothcompliance.com\/academy\/wp-content\/uploads\/sites\/5\/2024\/01\/toth-academy-img-66.png\"><img loading=\"lazy\" decoding=\"async\" class=\"alignnone wp-image-610\" src=\"https:\/\/tothcompliance.com\/academy\/wp-content\/uploads\/sites\/5\/2024\/01\/toth-academy-img-66.png\" alt=\"\" width=\"22\" height=\"22\" \/><\/a><\/p>\n<p><a href=\"https:\/\/tothcompliance.com\/academy\/wp-content\/uploads\/sites\/5\/2024\/01\/toth-academy-img-62.png\"><img loading=\"lazy\" decoding=\"async\" class=\"alignnone wp-image-606\" src=\"https:\/\/tothcompliance.com\/academy\/wp-content\/uploads\/sites\/5\/2024\/01\/toth-academy-img-62.png\" alt=\"\" width=\"22\" height=\"22\" \/><\/a><\/p>\n<\/div>\n\n\t\t\t\t\t\t\t\t\t\t\t<\/div>\n\n\t\t\t\t\t\n\t\t\t\t\t<style>#wd-681cfa1d51f02 .info-box-icon {border-color:  !important;}<\/style>\t\t\t\t<\/div>\n\t\t\t<\/div>\n\t\t[\/vc_column][\/vc_row]<\/p>\n<\/div>","protected":false},"excerpt":{"rendered":"<p><span style=\"font-weight: 400;\">Exploramos el alcance de la diligencia debida con terceros, las nuevas expectativas normativas y las mejores pr\u00e1cticas para llevarla a cabo.<\/span><\/p>\n<p>&nbsp;<\/p>\n<ul>\n<li><img loading=\"lazy\" decoding=\"async\" class=\"attachment-30x30 size-30x30\" src=\"https:\/\/tothcompliance.com\/academy\/wp-content\/uploads\/sites\/5\/2023\/12\/tiempo-30x30.png\" alt=\"\" width=\"20\" height=\"20\" \/> <span class=\"list-content\">Duraci\u00f3n: <strong>6 clases de 45 min.<\/strong><\/span><\/li>\n<\/ul>\n","protected":false},"featured_media":784,"comment_status":"closed","ping_status":"closed","template":"","meta":{"content-type":""},"product_brand":[],"product_cat":[32],"product_tag":[],"class_list":{"0":"post-684","1":"product","2":"type-product","3":"status-publish","4":"has-post-thumbnail","6":"product_cat-third-party","8":"first","9":"outofstock","10":"virtual","11":"sold-individually","12":"purchasable","13":"product-type-simple"},"yoast_head":"<!-- This site is optimized with the Yoast SEO plugin v27.3 - https:\/\/yoast.com\/product\/yoast-seo-wordpress\/ -->\n<title>Manejo de terceros y Debida Diligencia: nuevas fronteras, desaf\u00edos y oportunidades - TOTH Academy<\/title>\n<meta name=\"robots\" content=\"index, follow, max-snippet:-1, max-image-preview:large, max-video-preview:-1\" \/>\n<link rel=\"canonical\" href=\"https:\/\/www.tothcompliance.com\/academy\/masterclass\/manejo-de-terceros-y-debida-diligencia-nuevas-fronteras-desafios-y-oportunidades\/\" \/>\n<meta property=\"og:locale\" content=\"es_ES\" \/>\n<meta property=\"og:type\" content=\"article\" \/>\n<meta property=\"og:title\" content=\"Manejo de terceros y Debida Diligencia: nuevas fronteras, desaf\u00edos y oportunidades - TOTH Academy\" \/>\n<meta property=\"og:description\" content=\"Exploramos el alcance de la diligencia debida con terceros, las nuevas expectativas normativas y las mejores pr\u00e1cticas para llevarla a cabo.  &nbsp;    Duraci\u00f3n: 6 clases de 45 min.\" \/>\n<meta property=\"og:url\" content=\"https:\/\/www.tothcompliance.com\/academy\/masterclass\/manejo-de-terceros-y-debida-diligencia-nuevas-fronteras-desafios-y-oportunidades\/\" \/>\n<meta property=\"og:site_name\" content=\"TOTH Academy\" \/>\n<meta property=\"article:modified_time\" content=\"2025-06-24T12:57:54+00:00\" \/>\n<meta property=\"og:image\" content=\"https:\/\/www.tothcompliance.com\/academy\/wp-content\/uploads\/sites\/5\/2024\/01\/gabriela-1.jpg\" \/>\n\t<meta property=\"og:image:width\" content=\"1000\" \/>\n\t<meta property=\"og:image:height\" content=\"686\" \/>\n\t<meta property=\"og:image:type\" content=\"image\/jpeg\" \/>\n<meta name=\"twitter:card\" content=\"summary_large_image\" \/>\n<meta name=\"twitter:label1\" content=\"Tiempo de lectura\" \/>\n\t<meta name=\"twitter:data1\" content=\"5 minutos\" \/>\n<script type=\"application\/ld+json\" class=\"yoast-schema-graph\">{\"@context\":\"https:\\\/\\\/schema.org\",\"@graph\":[{\"@type\":\"WebPage\",\"@id\":\"https:\\\/\\\/www.tothcompliance.com\\\/academy\\\/masterclass\\\/manejo-de-terceros-y-debida-diligencia-nuevas-fronteras-desafios-y-oportunidades\\\/\",\"url\":\"https:\\\/\\\/www.tothcompliance.com\\\/academy\\\/masterclass\\\/manejo-de-terceros-y-debida-diligencia-nuevas-fronteras-desafios-y-oportunidades\\\/\",\"name\":\"Manejo de terceros y Debida Diligencia: nuevas fronteras, desaf\u00edos y oportunidades - TOTH Academy\",\"isPartOf\":{\"@id\":\"https:\\\/\\\/www.tothcompliance.com\\\/academy\\\/#website\"},\"primaryImageOfPage\":{\"@id\":\"https:\\\/\\\/www.tothcompliance.com\\\/academy\\\/masterclass\\\/manejo-de-terceros-y-debida-diligencia-nuevas-fronteras-desafios-y-oportunidades\\\/#primaryimage\"},\"image\":{\"@id\":\"https:\\\/\\\/www.tothcompliance.com\\\/academy\\\/masterclass\\\/manejo-de-terceros-y-debida-diligencia-nuevas-fronteras-desafios-y-oportunidades\\\/#primaryimage\"},\"thumbnailUrl\":\"https:\\\/\\\/www.tothcompliance.com\\\/academy\\\/wp-content\\\/uploads\\\/sites\\\/5\\\/2024\\\/01\\\/gabriela-1.jpg\",\"datePublished\":\"2024-01-23T17:50:28+00:00\",\"dateModified\":\"2025-06-24T12:57:54+00:00\",\"breadcrumb\":{\"@id\":\"https:\\\/\\\/www.tothcompliance.com\\\/academy\\\/masterclass\\\/manejo-de-terceros-y-debida-diligencia-nuevas-fronteras-desafios-y-oportunidades\\\/#breadcrumb\"},\"inLanguage\":\"es\",\"potentialAction\":[{\"@type\":\"ReadAction\",\"target\":[\"https:\\\/\\\/www.tothcompliance.com\\\/academy\\\/masterclass\\\/manejo-de-terceros-y-debida-diligencia-nuevas-fronteras-desafios-y-oportunidades\\\/\"]}]},{\"@type\":\"ImageObject\",\"inLanguage\":\"es\",\"@id\":\"https:\\\/\\\/www.tothcompliance.com\\\/academy\\\/masterclass\\\/manejo-de-terceros-y-debida-diligencia-nuevas-fronteras-desafios-y-oportunidades\\\/#primaryimage\",\"url\":\"https:\\\/\\\/www.tothcompliance.com\\\/academy\\\/wp-content\\\/uploads\\\/sites\\\/5\\\/2024\\\/01\\\/gabriela-1.jpg\",\"contentUrl\":\"https:\\\/\\\/www.tothcompliance.com\\\/academy\\\/wp-content\\\/uploads\\\/sites\\\/5\\\/2024\\\/01\\\/gabriela-1.jpg\",\"width\":1000,\"height\":686},{\"@type\":\"BreadcrumbList\",\"@id\":\"https:\\\/\\\/www.tothcompliance.com\\\/academy\\\/masterclass\\\/manejo-de-terceros-y-debida-diligencia-nuevas-fronteras-desafios-y-oportunidades\\\/#breadcrumb\",\"itemListElement\":[{\"@type\":\"ListItem\",\"position\":1,\"name\":\"Portada\",\"item\":\"https:\\\/\\\/www.tothcompliance.com\\\/academy\\\/\"},{\"@type\":\"ListItem\",\"position\":2,\"name\":\"Masters\",\"item\":\"https:\\\/\\\/www.tothcompliance.com\\\/academy\\\/masterclass\\\/\"},{\"@type\":\"ListItem\",\"position\":3,\"name\":\"Manejo de terceros y Debida Diligencia: nuevas fronteras, desaf\u00edos y oportunidades\"}]},{\"@type\":\"WebSite\",\"@id\":\"https:\\\/\\\/www.tothcompliance.com\\\/academy\\\/#website\",\"url\":\"https:\\\/\\\/www.tothcompliance.com\\\/academy\\\/\",\"name\":\"TOTH Academy\",\"description\":\"\",\"publisher\":{\"@id\":\"https:\\\/\\\/www.tothcompliance.com\\\/academy\\\/#organization\"},\"potentialAction\":[{\"@type\":\"SearchAction\",\"target\":{\"@type\":\"EntryPoint\",\"urlTemplate\":\"https:\\\/\\\/www.tothcompliance.com\\\/academy\\\/?s={search_term_string}\"},\"query-input\":{\"@type\":\"PropertyValueSpecification\",\"valueRequired\":true,\"valueName\":\"search_term_string\"}}],\"inLanguage\":\"es\"},{\"@type\":\"Organization\",\"@id\":\"https:\\\/\\\/www.tothcompliance.com\\\/academy\\\/#organization\",\"name\":\"TOTH Academy\",\"url\":\"https:\\\/\\\/www.tothcompliance.com\\\/academy\\\/\",\"logo\":{\"@type\":\"ImageObject\",\"inLanguage\":\"es\",\"@id\":\"https:\\\/\\\/www.tothcompliance.com\\\/academy\\\/#\\\/schema\\\/logo\\\/image\\\/\",\"url\":\"https:\\\/\\\/www.tothcompliance.com\\\/academy\\\/wp-content\\\/uploads\\\/sites\\\/5\\\/2023\\\/12\\\/toth-marca-02.svg\",\"contentUrl\":\"https:\\\/\\\/www.tothcompliance.com\\\/academy\\\/wp-content\\\/uploads\\\/sites\\\/5\\\/2023\\\/12\\\/toth-marca-02.svg\",\"width\":193,\"height\":83,\"caption\":\"TOTH Academy\"},\"image\":{\"@id\":\"https:\\\/\\\/www.tothcompliance.com\\\/academy\\\/#\\\/schema\\\/logo\\\/image\\\/\"},\"sameAs\":[\"https:\\\/\\\/www.linkedin.com\\\/company\\\/tothacademy\",\"https:\\\/\\\/www.instagram.com\\\/tothacademy\\\/\"]}]}<\/script>\n<!-- \/ Yoast SEO plugin. -->","yoast_head_json":{"title":"Manejo de terceros y Debida Diligencia: nuevas fronteras, desaf\u00edos y oportunidades - TOTH Academy","robots":{"index":"index","follow":"follow","max-snippet":"max-snippet:-1","max-image-preview":"max-image-preview:large","max-video-preview":"max-video-preview:-1"},"canonical":"https:\/\/www.tothcompliance.com\/academy\/masterclass\/manejo-de-terceros-y-debida-diligencia-nuevas-fronteras-desafios-y-oportunidades\/","og_locale":"es_ES","og_type":"article","og_title":"Manejo de terceros y Debida Diligencia: nuevas fronteras, desaf\u00edos y oportunidades - TOTH Academy","og_description":"Exploramos el alcance de la diligencia debida con terceros, las nuevas expectativas normativas y las mejores pr\u00e1cticas para llevarla a cabo.  &nbsp;    Duraci\u00f3n: 6 clases de 45 min.","og_url":"https:\/\/www.tothcompliance.com\/academy\/masterclass\/manejo-de-terceros-y-debida-diligencia-nuevas-fronteras-desafios-y-oportunidades\/","og_site_name":"TOTH Academy","article_modified_time":"2025-06-24T12:57:54+00:00","og_image":[{"width":1000,"height":686,"url":"https:\/\/www.tothcompliance.com\/academy\/wp-content\/uploads\/sites\/5\/2024\/01\/gabriela-1.jpg","type":"image\/jpeg"}],"twitter_card":"summary_large_image","twitter_misc":{"Tiempo de lectura":"5 minutos"},"schema":{"@context":"https:\/\/schema.org","@graph":[{"@type":"WebPage","@id":"https:\/\/www.tothcompliance.com\/academy\/masterclass\/manejo-de-terceros-y-debida-diligencia-nuevas-fronteras-desafios-y-oportunidades\/","url":"https:\/\/www.tothcompliance.com\/academy\/masterclass\/manejo-de-terceros-y-debida-diligencia-nuevas-fronteras-desafios-y-oportunidades\/","name":"Manejo de terceros y Debida Diligencia: nuevas fronteras, desaf\u00edos y oportunidades - TOTH Academy","isPartOf":{"@id":"https:\/\/www.tothcompliance.com\/academy\/#website"},"primaryImageOfPage":{"@id":"https:\/\/www.tothcompliance.com\/academy\/masterclass\/manejo-de-terceros-y-debida-diligencia-nuevas-fronteras-desafios-y-oportunidades\/#primaryimage"},"image":{"@id":"https:\/\/www.tothcompliance.com\/academy\/masterclass\/manejo-de-terceros-y-debida-diligencia-nuevas-fronteras-desafios-y-oportunidades\/#primaryimage"},"thumbnailUrl":"https:\/\/www.tothcompliance.com\/academy\/wp-content\/uploads\/sites\/5\/2024\/01\/gabriela-1.jpg","datePublished":"2024-01-23T17:50:28+00:00","dateModified":"2025-06-24T12:57:54+00:00","breadcrumb":{"@id":"https:\/\/www.tothcompliance.com\/academy\/masterclass\/manejo-de-terceros-y-debida-diligencia-nuevas-fronteras-desafios-y-oportunidades\/#breadcrumb"},"inLanguage":"es","potentialAction":[{"@type":"ReadAction","target":["https:\/\/www.tothcompliance.com\/academy\/masterclass\/manejo-de-terceros-y-debida-diligencia-nuevas-fronteras-desafios-y-oportunidades\/"]}]},{"@type":"ImageObject","inLanguage":"es","@id":"https:\/\/www.tothcompliance.com\/academy\/masterclass\/manejo-de-terceros-y-debida-diligencia-nuevas-fronteras-desafios-y-oportunidades\/#primaryimage","url":"https:\/\/www.tothcompliance.com\/academy\/wp-content\/uploads\/sites\/5\/2024\/01\/gabriela-1.jpg","contentUrl":"https:\/\/www.tothcompliance.com\/academy\/wp-content\/uploads\/sites\/5\/2024\/01\/gabriela-1.jpg","width":1000,"height":686},{"@type":"BreadcrumbList","@id":"https:\/\/www.tothcompliance.com\/academy\/masterclass\/manejo-de-terceros-y-debida-diligencia-nuevas-fronteras-desafios-y-oportunidades\/#breadcrumb","itemListElement":[{"@type":"ListItem","position":1,"name":"Portada","item":"https:\/\/www.tothcompliance.com\/academy\/"},{"@type":"ListItem","position":2,"name":"Masters","item":"https:\/\/www.tothcompliance.com\/academy\/masterclass\/"},{"@type":"ListItem","position":3,"name":"Manejo de terceros y Debida Diligencia: nuevas fronteras, desaf\u00edos y oportunidades"}]},{"@type":"WebSite","@id":"https:\/\/www.tothcompliance.com\/academy\/#website","url":"https:\/\/www.tothcompliance.com\/academy\/","name":"TOTH Academy","description":"","publisher":{"@id":"https:\/\/www.tothcompliance.com\/academy\/#organization"},"potentialAction":[{"@type":"SearchAction","target":{"@type":"EntryPoint","urlTemplate":"https:\/\/www.tothcompliance.com\/academy\/?s={search_term_string}"},"query-input":{"@type":"PropertyValueSpecification","valueRequired":true,"valueName":"search_term_string"}}],"inLanguage":"es"},{"@type":"Organization","@id":"https:\/\/www.tothcompliance.com\/academy\/#organization","name":"TOTH Academy","url":"https:\/\/www.tothcompliance.com\/academy\/","logo":{"@type":"ImageObject","inLanguage":"es","@id":"https:\/\/www.tothcompliance.com\/academy\/#\/schema\/logo\/image\/","url":"https:\/\/www.tothcompliance.com\/academy\/wp-content\/uploads\/sites\/5\/2023\/12\/toth-marca-02.svg","contentUrl":"https:\/\/www.tothcompliance.com\/academy\/wp-content\/uploads\/sites\/5\/2023\/12\/toth-marca-02.svg","width":193,"height":83,"caption":"TOTH Academy"},"image":{"@id":"https:\/\/www.tothcompliance.com\/academy\/#\/schema\/logo\/image\/"},"sameAs":["https:\/\/www.linkedin.com\/company\/tothacademy","https:\/\/www.instagram.com\/tothacademy\/"]}]}},"jetpack_sharing_enabled":true,"_links":{"self":[{"href":"https:\/\/www.tothcompliance.com\/academy\/wp-json\/wp\/v2\/product\/684","targetHints":{"allow":["GET"]}}],"collection":[{"href":"https:\/\/www.tothcompliance.com\/academy\/wp-json\/wp\/v2\/product"}],"about":[{"href":"https:\/\/www.tothcompliance.com\/academy\/wp-json\/wp\/v2\/types\/product"}],"replies":[{"embeddable":true,"href":"https:\/\/www.tothcompliance.com\/academy\/wp-json\/wp\/v2\/comments?post=684"}],"wp:featuredmedia":[{"embeddable":true,"href":"https:\/\/www.tothcompliance.com\/academy\/wp-json\/wp\/v2\/media\/784"}],"wp:attachment":[{"href":"https:\/\/www.tothcompliance.com\/academy\/wp-json\/wp\/v2\/media?parent=684"}],"wp:term":[{"taxonomy":"product_brand","embeddable":true,"href":"https:\/\/www.tothcompliance.com\/academy\/wp-json\/wp\/v2\/product_brand?post=684"},{"taxonomy":"product_cat","embeddable":true,"href":"https:\/\/www.tothcompliance.com\/academy\/wp-json\/wp\/v2\/product_cat?post=684"},{"taxonomy":"product_tag","embeddable":true,"href":"https:\/\/www.tothcompliance.com\/academy\/wp-json\/wp\/v2\/product_tag?post=684"}],"curies":[{"name":"wp","href":"https:\/\/api.w.org\/{rel}","templated":true}]}}