{"id":1309,"date":"2024-06-17T08:26:48","date_gmt":"2024-06-17T08:26:48","guid":{"rendered":"https:\/\/www.tothcompliance.com\/training\/?post_type=product&#038;p=1309"},"modified":"2024-06-17T09:08:55","modified_gmt":"2024-06-17T09:08:55","slug":"funcion-del-canal-etico","status":"publish","type":"product","link":"https:\/\/www.tothcompliance.com\/training\/e-capsulas\/funcion-del-canal-etico\/","title":{"rendered":"Funci\u00f3n del Canal \u00e9tico"},"content":{"rendered":"<p><strong>Detalles<\/strong><\/p>\n<p>\u00bfPor qu\u00e9 tenemos un canal de denuncias? En este video pretendemos , a trav\u00e9s de diferentes escenarios, sensibilizar en la importancia del canal \u00e9tico en nuestra organizaci\u00f3n y fomentar el uso por parte de todo el equipo.<\/p>\n<p>Duraci\u00f3n: 1:06 min<\/p>\n<p>Categor\u00eda: 3D \/ Canal \u00e9tico<\/p>\n","protected":false},"excerpt":{"rendered":"<p>\u00bfPor qu\u00e9 tenemos un canal de denuncias? En este video pretendemos , a trav\u00e9s de diferentes escenarios, sensibilizar en la importancia del canal \u00e9tico en nuestra organizaci\u00f3n y fomentar el uso por parte de todo el equipo.<\/p>\n","protected":false},"featured_media":1313,"comment_status":"open","ping_status":"closed","template":"","meta":{"content-type":""},"product_brand":[],"product_cat":[48,47],"product_tag":[],"class_list":{"0":"post-1309","1":"product","2":"type-product","3":"status-publish","4":"has-post-thumbnail","6":"product_cat-3d","7":"product_cat-canal-etico","9":"first","10":"instock","11":"virtual","12":"purchasable","13":"product-type-simple"},"yoast_head":"<!-- This site is optimized with the Yoast SEO plugin v27.3 - https:\/\/yoast.com\/product\/yoast-seo-wordpress\/ -->\n<title>Funci\u00f3n del Canal \u00e9tico - TOTH Training<\/title>\n<meta name=\"robots\" content=\"index, follow, max-snippet:-1, max-image-preview:large, max-video-preview:-1\" \/>\n<link rel=\"canonical\" href=\"https:\/\/www.tothcompliance.com\/training\/e-capsulas\/funcion-del-canal-etico\/\" \/>\n<meta property=\"og:locale\" content=\"es_ES\" \/>\n<meta property=\"og:type\" content=\"article\" \/>\n<meta property=\"og:title\" content=\"Funci\u00f3n del Canal \u00e9tico - TOTH Training\" \/>\n<meta property=\"og:description\" content=\"\u00bfPor qu\u00e9 tenemos un canal de denuncias? En este video pretendemos , a trav\u00e9s de diferentes escenarios, sensibilizar en la importancia del canal \u00e9tico en nuestra organizaci\u00f3n y fomentar el uso por parte de todo el equipo.\" \/>\n<meta property=\"og:url\" content=\"https:\/\/www.tothcompliance.com\/training\/e-capsulas\/funcion-del-canal-etico\/\" \/>\n<meta property=\"og:site_name\" content=\"TOTH Training\" \/>\n<meta property=\"article:modified_time\" content=\"2024-06-17T09:08:55+00:00\" \/>\n<meta property=\"og:image\" content=\"https:\/\/www.tothcompliance.com\/training\/wp-content\/uploads\/sites\/4\/2024\/06\/3D1_TOTH_CANAL_ETICO_ESC_03-02_0272.png\" \/>\n\t<meta property=\"og:image:width\" content=\"1920\" \/>\n\t<meta property=\"og:image:height\" content=\"1080\" \/>\n\t<meta property=\"og:image:type\" content=\"image\/png\" \/>\n<meta name=\"twitter:card\" content=\"summary_large_image\" \/>\n<script type=\"application\/ld+json\" class=\"yoast-schema-graph\">{\"@context\":\"https:\\\/\\\/schema.org\",\"@graph\":[{\"@type\":\"WebPage\",\"@id\":\"https:\\\/\\\/www.tothcompliance.com\\\/training\\\/e-capsulas\\\/funcion-del-canal-etico\\\/\",\"url\":\"https:\\\/\\\/www.tothcompliance.com\\\/training\\\/e-capsulas\\\/funcion-del-canal-etico\\\/\",\"name\":\"Funci\u00f3n del Canal \u00e9tico - TOTH Training\",\"isPartOf\":{\"@id\":\"https:\\\/\\\/www.tothcompliance.com\\\/training\\\/#website\"},\"primaryImageOfPage\":{\"@id\":\"https:\\\/\\\/www.tothcompliance.com\\\/training\\\/e-capsulas\\\/funcion-del-canal-etico\\\/#primaryimage\"},\"image\":{\"@id\":\"https:\\\/\\\/www.tothcompliance.com\\\/training\\\/e-capsulas\\\/funcion-del-canal-etico\\\/#primaryimage\"},\"thumbnailUrl\":\"https:\\\/\\\/www.tothcompliance.com\\\/training\\\/wp-content\\\/uploads\\\/sites\\\/4\\\/2024\\\/06\\\/3D1_TOTH_CANAL_ETICO_ESC_03-02_0272.png\",\"datePublished\":\"2024-06-17T08:26:48+00:00\",\"dateModified\":\"2024-06-17T09:08:55+00:00\",\"breadcrumb\":{\"@id\":\"https:\\\/\\\/www.tothcompliance.com\\\/training\\\/e-capsulas\\\/funcion-del-canal-etico\\\/#breadcrumb\"},\"inLanguage\":\"es\",\"potentialAction\":[{\"@type\":\"ReadAction\",\"target\":[\"https:\\\/\\\/www.tothcompliance.com\\\/training\\\/e-capsulas\\\/funcion-del-canal-etico\\\/\"]}]},{\"@type\":\"ImageObject\",\"inLanguage\":\"es\",\"@id\":\"https:\\\/\\\/www.tothcompliance.com\\\/training\\\/e-capsulas\\\/funcion-del-canal-etico\\\/#primaryimage\",\"url\":\"https:\\\/\\\/www.tothcompliance.com\\\/training\\\/wp-content\\\/uploads\\\/sites\\\/4\\\/2024\\\/06\\\/3D1_TOTH_CANAL_ETICO_ESC_03-02_0272.png\",\"contentUrl\":\"https:\\\/\\\/www.tothcompliance.com\\\/training\\\/wp-content\\\/uploads\\\/sites\\\/4\\\/2024\\\/06\\\/3D1_TOTH_CANAL_ETICO_ESC_03-02_0272.png\",\"width\":1920,\"height\":1080},{\"@type\":\"BreadcrumbList\",\"@id\":\"https:\\\/\\\/www.tothcompliance.com\\\/training\\\/e-capsulas\\\/funcion-del-canal-etico\\\/#breadcrumb\",\"itemListElement\":[{\"@type\":\"ListItem\",\"position\":1,\"name\":\"Portada\",\"item\":\"https:\\\/\\\/www.tothcompliance.com\\\/training\\\/\"},{\"@type\":\"ListItem\",\"position\":2,\"name\":\"e-c\u00e1psulas\",\"item\":\"https:\\\/\\\/www.tothcompliance.com\\\/training\\\/e-capsulas\\\/\"},{\"@type\":\"ListItem\",\"position\":3,\"name\":\"Funci\u00f3n del Canal \u00e9tico\"}]},{\"@type\":\"WebSite\",\"@id\":\"https:\\\/\\\/www.tothcompliance.com\\\/training\\\/#website\",\"url\":\"https:\\\/\\\/www.tothcompliance.com\\\/training\\\/\",\"name\":\"TOTH Compliance Training\",\"description\":\"\",\"publisher\":{\"@id\":\"https:\\\/\\\/www.tothcompliance.com\\\/training\\\/#organization\"},\"potentialAction\":[{\"@type\":\"SearchAction\",\"target\":{\"@type\":\"EntryPoint\",\"urlTemplate\":\"https:\\\/\\\/www.tothcompliance.com\\\/training\\\/?s={search_term_string}\"},\"query-input\":{\"@type\":\"PropertyValueSpecification\",\"valueRequired\":true,\"valueName\":\"search_term_string\"}}],\"inLanguage\":\"es\"},{\"@type\":\"Organization\",\"@id\":\"https:\\\/\\\/www.tothcompliance.com\\\/training\\\/#organization\",\"name\":\"TOTH Compliance Training\",\"url\":\"https:\\\/\\\/www.tothcompliance.com\\\/training\\\/\",\"logo\":{\"@type\":\"ImageObject\",\"inLanguage\":\"es\",\"@id\":\"https:\\\/\\\/www.tothcompliance.com\\\/training\\\/#\\\/schema\\\/logo\\\/image\\\/\",\"url\":\"https:\\\/\\\/www.tothcompliance.com\\\/training\\\/wp-content\\\/uploads\\\/sites\\\/4\\\/2024\\\/05\\\/toth-training.png\",\"contentUrl\":\"https:\\\/\\\/www.tothcompliance.com\\\/training\\\/wp-content\\\/uploads\\\/sites\\\/4\\\/2024\\\/05\\\/toth-training.png\",\"width\":712,\"height\":337,\"caption\":\"TOTH Compliance Training\"},\"image\":{\"@id\":\"https:\\\/\\\/www.tothcompliance.com\\\/training\\\/#\\\/schema\\\/logo\\\/image\\\/\"},\"sameAs\":[\"https:\\\/\\\/www.linkedin.com\\\/company\\\/tothcompliance\\\/\",\"https:\\\/\\\/www.instagram.com\\\/tothcompliance\\\/\"]}]}<\/script>\n<!-- \/ Yoast SEO plugin. -->","yoast_head_json":{"title":"Funci\u00f3n del Canal \u00e9tico - TOTH Training","robots":{"index":"index","follow":"follow","max-snippet":"max-snippet:-1","max-image-preview":"max-image-preview:large","max-video-preview":"max-video-preview:-1"},"canonical":"https:\/\/www.tothcompliance.com\/training\/e-capsulas\/funcion-del-canal-etico\/","og_locale":"es_ES","og_type":"article","og_title":"Funci\u00f3n del Canal \u00e9tico - TOTH Training","og_description":"\u00bfPor qu\u00e9 tenemos un canal de denuncias? En este video pretendemos , a trav\u00e9s de diferentes escenarios, sensibilizar en la importancia del canal \u00e9tico en nuestra organizaci\u00f3n y fomentar el uso por parte de todo el equipo.","og_url":"https:\/\/www.tothcompliance.com\/training\/e-capsulas\/funcion-del-canal-etico\/","og_site_name":"TOTH Training","article_modified_time":"2024-06-17T09:08:55+00:00","og_image":[{"width":1920,"height":1080,"url":"https:\/\/www.tothcompliance.com\/training\/wp-content\/uploads\/sites\/4\/2024\/06\/3D1_TOTH_CANAL_ETICO_ESC_03-02_0272.png","type":"image\/png"}],"twitter_card":"summary_large_image","schema":{"@context":"https:\/\/schema.org","@graph":[{"@type":"WebPage","@id":"https:\/\/www.tothcompliance.com\/training\/e-capsulas\/funcion-del-canal-etico\/","url":"https:\/\/www.tothcompliance.com\/training\/e-capsulas\/funcion-del-canal-etico\/","name":"Funci\u00f3n del Canal \u00e9tico - TOTH Training","isPartOf":{"@id":"https:\/\/www.tothcompliance.com\/training\/#website"},"primaryImageOfPage":{"@id":"https:\/\/www.tothcompliance.com\/training\/e-capsulas\/funcion-del-canal-etico\/#primaryimage"},"image":{"@id":"https:\/\/www.tothcompliance.com\/training\/e-capsulas\/funcion-del-canal-etico\/#primaryimage"},"thumbnailUrl":"https:\/\/www.tothcompliance.com\/training\/wp-content\/uploads\/sites\/4\/2024\/06\/3D1_TOTH_CANAL_ETICO_ESC_03-02_0272.png","datePublished":"2024-06-17T08:26:48+00:00","dateModified":"2024-06-17T09:08:55+00:00","breadcrumb":{"@id":"https:\/\/www.tothcompliance.com\/training\/e-capsulas\/funcion-del-canal-etico\/#breadcrumb"},"inLanguage":"es","potentialAction":[{"@type":"ReadAction","target":["https:\/\/www.tothcompliance.com\/training\/e-capsulas\/funcion-del-canal-etico\/"]}]},{"@type":"ImageObject","inLanguage":"es","@id":"https:\/\/www.tothcompliance.com\/training\/e-capsulas\/funcion-del-canal-etico\/#primaryimage","url":"https:\/\/www.tothcompliance.com\/training\/wp-content\/uploads\/sites\/4\/2024\/06\/3D1_TOTH_CANAL_ETICO_ESC_03-02_0272.png","contentUrl":"https:\/\/www.tothcompliance.com\/training\/wp-content\/uploads\/sites\/4\/2024\/06\/3D1_TOTH_CANAL_ETICO_ESC_03-02_0272.png","width":1920,"height":1080},{"@type":"BreadcrumbList","@id":"https:\/\/www.tothcompliance.com\/training\/e-capsulas\/funcion-del-canal-etico\/#breadcrumb","itemListElement":[{"@type":"ListItem","position":1,"name":"Portada","item":"https:\/\/www.tothcompliance.com\/training\/"},{"@type":"ListItem","position":2,"name":"e-c\u00e1psulas","item":"https:\/\/www.tothcompliance.com\/training\/e-capsulas\/"},{"@type":"ListItem","position":3,"name":"Funci\u00f3n del Canal \u00e9tico"}]},{"@type":"WebSite","@id":"https:\/\/www.tothcompliance.com\/training\/#website","url":"https:\/\/www.tothcompliance.com\/training\/","name":"TOTH Compliance Training","description":"","publisher":{"@id":"https:\/\/www.tothcompliance.com\/training\/#organization"},"potentialAction":[{"@type":"SearchAction","target":{"@type":"EntryPoint","urlTemplate":"https:\/\/www.tothcompliance.com\/training\/?s={search_term_string}"},"query-input":{"@type":"PropertyValueSpecification","valueRequired":true,"valueName":"search_term_string"}}],"inLanguage":"es"},{"@type":"Organization","@id":"https:\/\/www.tothcompliance.com\/training\/#organization","name":"TOTH Compliance Training","url":"https:\/\/www.tothcompliance.com\/training\/","logo":{"@type":"ImageObject","inLanguage":"es","@id":"https:\/\/www.tothcompliance.com\/training\/#\/schema\/logo\/image\/","url":"https:\/\/www.tothcompliance.com\/training\/wp-content\/uploads\/sites\/4\/2024\/05\/toth-training.png","contentUrl":"https:\/\/www.tothcompliance.com\/training\/wp-content\/uploads\/sites\/4\/2024\/05\/toth-training.png","width":712,"height":337,"caption":"TOTH Compliance Training"},"image":{"@id":"https:\/\/www.tothcompliance.com\/training\/#\/schema\/logo\/image\/"},"sameAs":["https:\/\/www.linkedin.com\/company\/tothcompliance\/","https:\/\/www.instagram.com\/tothcompliance\/"]}]}},"jetpack_sharing_enabled":true,"_links":{"self":[{"href":"https:\/\/www.tothcompliance.com\/training\/wp-json\/wp\/v2\/product\/1309","targetHints":{"allow":["GET"]}}],"collection":[{"href":"https:\/\/www.tothcompliance.com\/training\/wp-json\/wp\/v2\/product"}],"about":[{"href":"https:\/\/www.tothcompliance.com\/training\/wp-json\/wp\/v2\/types\/product"}],"replies":[{"embeddable":true,"href":"https:\/\/www.tothcompliance.com\/training\/wp-json\/wp\/v2\/comments?post=1309"}],"wp:featuredmedia":[{"embeddable":true,"href":"https:\/\/www.tothcompliance.com\/training\/wp-json\/wp\/v2\/media\/1313"}],"wp:attachment":[{"href":"https:\/\/www.tothcompliance.com\/training\/wp-json\/wp\/v2\/media?parent=1309"}],"wp:term":[{"taxonomy":"product_brand","embeddable":true,"href":"https:\/\/www.tothcompliance.com\/training\/wp-json\/wp\/v2\/product_brand?post=1309"},{"taxonomy":"product_cat","embeddable":true,"href":"https:\/\/www.tothcompliance.com\/training\/wp-json\/wp\/v2\/product_cat?post=1309"},{"taxonomy":"product_tag","embeddable":true,"href":"https:\/\/www.tothcompliance.com\/training\/wp-json\/wp\/v2\/product_tag?post=1309"}],"curies":[{"name":"wp","href":"https:\/\/api.w.org\/{rel}","templated":true}]}}