{"id":1379,"date":"2024-06-16T15:47:14","date_gmt":"2024-06-16T15:47:14","guid":{"rendered":"https:\/\/www.tothcompliance.com\/training\/?post_type=product&#038;p=1379"},"modified":"2024-06-16T15:49:51","modified_gmt":"2024-06-16T15:49:51","slug":"planes-de-igualdad","status":"publish","type":"product","link":"https:\/\/www.tothcompliance.com\/training\/e-capsulas\/planes-de-igualdad\/","title":{"rendered":"Planes de Igualdad"},"content":{"rendered":"<p><strong>Detalles<\/strong><\/p>\n<p>\u00a1Nuestra empresa tiene un Plan de Igualdad! Y estas son las fases en las que trabajamos para cumplirlo y hacerlo realidad. Se pone el focus en la gesti\u00f3n de personas con perspectiva de g\u00e9nero, tanto desde la prevenci\u00f3n de riesgos laborales como para medir el nivel de conciliaci\u00f3n en la empresa. \u2013 C\u00f3digo: CFC15<\/p>\n<p>Duraci\u00f3n: 4:29 min<\/p>\n<p>Categor\u00eda: Diversidad e Inclusi\u00f3n<\/p>\n","protected":false},"excerpt":{"rendered":"<p>\u00a1Nuestra empresa tiene un Plan de Igualdad! Y estas son las fases en las que trabajamos para cumplirlo y hacerlo realidad. Se pone el focus en la gesti\u00f3n de personas con perspectiva de g\u00e9nero, tanto desde la prevenci\u00f3n de riesgos laborales como para medir el nivel de conciliaci\u00f3n en la empresa. \u2013 C\u00f3digo: CFC15<\/p>\n","protected":false},"featured_media":1380,"comment_status":"open","ping_status":"closed","template":"","meta":{"content-type":""},"product_brand":[],"product_cat":[74],"product_tag":[],"class_list":{"0":"post-1379","1":"product","2":"type-product","3":"status-publish","4":"has-post-thumbnail","6":"product_cat-diversidad-e-inclusion","8":"first","9":"instock","10":"virtual","11":"purchasable","12":"product-type-simple"},"yoast_head":"<!-- This site is optimized with the Yoast SEO plugin v27.3 - https:\/\/yoast.com\/product\/yoast-seo-wordpress\/ -->\n<title>Planes de Igualdad - TOTH Training<\/title>\n<meta name=\"robots\" content=\"index, follow, max-snippet:-1, max-image-preview:large, max-video-preview:-1\" \/>\n<link rel=\"canonical\" href=\"https:\/\/www.tothcompliance.com\/training\/e-capsulas\/planes-de-igualdad\/\" \/>\n<meta property=\"og:locale\" content=\"es_ES\" \/>\n<meta property=\"og:type\" content=\"article\" \/>\n<meta property=\"og:title\" content=\"Planes de Igualdad - TOTH Training\" \/>\n<meta property=\"og:description\" content=\"\u00a1Nuestra empresa tiene un Plan de Igualdad! Y estas son las fases en las que trabajamos para cumplirlo y hacerlo realidad. Se pone el focus en la gesti\u00f3n de personas con perspectiva de g\u00e9nero, tanto desde la prevenci\u00f3n de riesgos laborales como para medir el nivel de conciliaci\u00f3n en la empresa. \u2013 C\u00f3digo: CFC15\" \/>\n<meta property=\"og:url\" content=\"https:\/\/www.tothcompliance.com\/training\/e-capsulas\/planes-de-igualdad\/\" \/>\n<meta property=\"og:site_name\" content=\"TOTH Training\" \/>\n<meta property=\"article:modified_time\" content=\"2024-06-16T15:49:51+00:00\" \/>\n<meta property=\"og:image\" content=\"https:\/\/www.tothcompliance.com\/training\/wp-content\/uploads\/sites\/4\/2024\/06\/CFC15.jpeg\" \/>\n\t<meta property=\"og:image:width\" content=\"1920\" \/>\n\t<meta property=\"og:image:height\" content=\"1080\" \/>\n\t<meta property=\"og:image:type\" content=\"image\/jpeg\" \/>\n<meta name=\"twitter:card\" content=\"summary_large_image\" \/>\n<script type=\"application\/ld+json\" class=\"yoast-schema-graph\">{\"@context\":\"https:\\\/\\\/schema.org\",\"@graph\":[{\"@type\":\"WebPage\",\"@id\":\"https:\\\/\\\/www.tothcompliance.com\\\/training\\\/e-capsulas\\\/planes-de-igualdad\\\/\",\"url\":\"https:\\\/\\\/www.tothcompliance.com\\\/training\\\/e-capsulas\\\/planes-de-igualdad\\\/\",\"name\":\"Planes de Igualdad - TOTH Training\",\"isPartOf\":{\"@id\":\"https:\\\/\\\/www.tothcompliance.com\\\/training\\\/#website\"},\"primaryImageOfPage\":{\"@id\":\"https:\\\/\\\/www.tothcompliance.com\\\/training\\\/e-capsulas\\\/planes-de-igualdad\\\/#primaryimage\"},\"image\":{\"@id\":\"https:\\\/\\\/www.tothcompliance.com\\\/training\\\/e-capsulas\\\/planes-de-igualdad\\\/#primaryimage\"},\"thumbnailUrl\":\"https:\\\/\\\/www.tothcompliance.com\\\/training\\\/wp-content\\\/uploads\\\/sites\\\/4\\\/2024\\\/06\\\/CFC15.jpeg\",\"datePublished\":\"2024-06-16T15:47:14+00:00\",\"dateModified\":\"2024-06-16T15:49:51+00:00\",\"breadcrumb\":{\"@id\":\"https:\\\/\\\/www.tothcompliance.com\\\/training\\\/e-capsulas\\\/planes-de-igualdad\\\/#breadcrumb\"},\"inLanguage\":\"es\",\"potentialAction\":[{\"@type\":\"ReadAction\",\"target\":[\"https:\\\/\\\/www.tothcompliance.com\\\/training\\\/e-capsulas\\\/planes-de-igualdad\\\/\"]}]},{\"@type\":\"ImageObject\",\"inLanguage\":\"es\",\"@id\":\"https:\\\/\\\/www.tothcompliance.com\\\/training\\\/e-capsulas\\\/planes-de-igualdad\\\/#primaryimage\",\"url\":\"https:\\\/\\\/www.tothcompliance.com\\\/training\\\/wp-content\\\/uploads\\\/sites\\\/4\\\/2024\\\/06\\\/CFC15.jpeg\",\"contentUrl\":\"https:\\\/\\\/www.tothcompliance.com\\\/training\\\/wp-content\\\/uploads\\\/sites\\\/4\\\/2024\\\/06\\\/CFC15.jpeg\",\"width\":1920,\"height\":1080},{\"@type\":\"BreadcrumbList\",\"@id\":\"https:\\\/\\\/www.tothcompliance.com\\\/training\\\/e-capsulas\\\/planes-de-igualdad\\\/#breadcrumb\",\"itemListElement\":[{\"@type\":\"ListItem\",\"position\":1,\"name\":\"Portada\",\"item\":\"https:\\\/\\\/www.tothcompliance.com\\\/training\\\/\"},{\"@type\":\"ListItem\",\"position\":2,\"name\":\"e-c\u00e1psulas\",\"item\":\"https:\\\/\\\/www.tothcompliance.com\\\/training\\\/e-capsulas\\\/\"},{\"@type\":\"ListItem\",\"position\":3,\"name\":\"Planes de Igualdad\"}]},{\"@type\":\"WebSite\",\"@id\":\"https:\\\/\\\/www.tothcompliance.com\\\/training\\\/#website\",\"url\":\"https:\\\/\\\/www.tothcompliance.com\\\/training\\\/\",\"name\":\"TOTH Compliance Training\",\"description\":\"\",\"publisher\":{\"@id\":\"https:\\\/\\\/www.tothcompliance.com\\\/training\\\/#organization\"},\"potentialAction\":[{\"@type\":\"SearchAction\",\"target\":{\"@type\":\"EntryPoint\",\"urlTemplate\":\"https:\\\/\\\/www.tothcompliance.com\\\/training\\\/?s={search_term_string}\"},\"query-input\":{\"@type\":\"PropertyValueSpecification\",\"valueRequired\":true,\"valueName\":\"search_term_string\"}}],\"inLanguage\":\"es\"},{\"@type\":\"Organization\",\"@id\":\"https:\\\/\\\/www.tothcompliance.com\\\/training\\\/#organization\",\"name\":\"TOTH Compliance Training\",\"url\":\"https:\\\/\\\/www.tothcompliance.com\\\/training\\\/\",\"logo\":{\"@type\":\"ImageObject\",\"inLanguage\":\"es\",\"@id\":\"https:\\\/\\\/www.tothcompliance.com\\\/training\\\/#\\\/schema\\\/logo\\\/image\\\/\",\"url\":\"https:\\\/\\\/www.tothcompliance.com\\\/training\\\/wp-content\\\/uploads\\\/sites\\\/4\\\/2024\\\/05\\\/toth-training.png\",\"contentUrl\":\"https:\\\/\\\/www.tothcompliance.com\\\/training\\\/wp-content\\\/uploads\\\/sites\\\/4\\\/2024\\\/05\\\/toth-training.png\",\"width\":712,\"height\":337,\"caption\":\"TOTH Compliance Training\"},\"image\":{\"@id\":\"https:\\\/\\\/www.tothcompliance.com\\\/training\\\/#\\\/schema\\\/logo\\\/image\\\/\"},\"sameAs\":[\"https:\\\/\\\/www.linkedin.com\\\/company\\\/tothcompliance\\\/\",\"https:\\\/\\\/www.instagram.com\\\/tothcompliance\\\/\"]}]}<\/script>\n<!-- \/ Yoast SEO plugin. -->","yoast_head_json":{"title":"Planes de Igualdad - TOTH Training","robots":{"index":"index","follow":"follow","max-snippet":"max-snippet:-1","max-image-preview":"max-image-preview:large","max-video-preview":"max-video-preview:-1"},"canonical":"https:\/\/www.tothcompliance.com\/training\/e-capsulas\/planes-de-igualdad\/","og_locale":"es_ES","og_type":"article","og_title":"Planes de Igualdad - TOTH Training","og_description":"\u00a1Nuestra empresa tiene un Plan de Igualdad! Y estas son las fases en las que trabajamos para cumplirlo y hacerlo realidad. Se pone el focus en la gesti\u00f3n de personas con perspectiva de g\u00e9nero, tanto desde la prevenci\u00f3n de riesgos laborales como para medir el nivel de conciliaci\u00f3n en la empresa. \u2013 C\u00f3digo: CFC15","og_url":"https:\/\/www.tothcompliance.com\/training\/e-capsulas\/planes-de-igualdad\/","og_site_name":"TOTH Training","article_modified_time":"2024-06-16T15:49:51+00:00","og_image":[{"width":1920,"height":1080,"url":"https:\/\/www.tothcompliance.com\/training\/wp-content\/uploads\/sites\/4\/2024\/06\/CFC15.jpeg","type":"image\/jpeg"}],"twitter_card":"summary_large_image","schema":{"@context":"https:\/\/schema.org","@graph":[{"@type":"WebPage","@id":"https:\/\/www.tothcompliance.com\/training\/e-capsulas\/planes-de-igualdad\/","url":"https:\/\/www.tothcompliance.com\/training\/e-capsulas\/planes-de-igualdad\/","name":"Planes de Igualdad - TOTH Training","isPartOf":{"@id":"https:\/\/www.tothcompliance.com\/training\/#website"},"primaryImageOfPage":{"@id":"https:\/\/www.tothcompliance.com\/training\/e-capsulas\/planes-de-igualdad\/#primaryimage"},"image":{"@id":"https:\/\/www.tothcompliance.com\/training\/e-capsulas\/planes-de-igualdad\/#primaryimage"},"thumbnailUrl":"https:\/\/www.tothcompliance.com\/training\/wp-content\/uploads\/sites\/4\/2024\/06\/CFC15.jpeg","datePublished":"2024-06-16T15:47:14+00:00","dateModified":"2024-06-16T15:49:51+00:00","breadcrumb":{"@id":"https:\/\/www.tothcompliance.com\/training\/e-capsulas\/planes-de-igualdad\/#breadcrumb"},"inLanguage":"es","potentialAction":[{"@type":"ReadAction","target":["https:\/\/www.tothcompliance.com\/training\/e-capsulas\/planes-de-igualdad\/"]}]},{"@type":"ImageObject","inLanguage":"es","@id":"https:\/\/www.tothcompliance.com\/training\/e-capsulas\/planes-de-igualdad\/#primaryimage","url":"https:\/\/www.tothcompliance.com\/training\/wp-content\/uploads\/sites\/4\/2024\/06\/CFC15.jpeg","contentUrl":"https:\/\/www.tothcompliance.com\/training\/wp-content\/uploads\/sites\/4\/2024\/06\/CFC15.jpeg","width":1920,"height":1080},{"@type":"BreadcrumbList","@id":"https:\/\/www.tothcompliance.com\/training\/e-capsulas\/planes-de-igualdad\/#breadcrumb","itemListElement":[{"@type":"ListItem","position":1,"name":"Portada","item":"https:\/\/www.tothcompliance.com\/training\/"},{"@type":"ListItem","position":2,"name":"e-c\u00e1psulas","item":"https:\/\/www.tothcompliance.com\/training\/e-capsulas\/"},{"@type":"ListItem","position":3,"name":"Planes de Igualdad"}]},{"@type":"WebSite","@id":"https:\/\/www.tothcompliance.com\/training\/#website","url":"https:\/\/www.tothcompliance.com\/training\/","name":"TOTH Compliance Training","description":"","publisher":{"@id":"https:\/\/www.tothcompliance.com\/training\/#organization"},"potentialAction":[{"@type":"SearchAction","target":{"@type":"EntryPoint","urlTemplate":"https:\/\/www.tothcompliance.com\/training\/?s={search_term_string}"},"query-input":{"@type":"PropertyValueSpecification","valueRequired":true,"valueName":"search_term_string"}}],"inLanguage":"es"},{"@type":"Organization","@id":"https:\/\/www.tothcompliance.com\/training\/#organization","name":"TOTH Compliance Training","url":"https:\/\/www.tothcompliance.com\/training\/","logo":{"@type":"ImageObject","inLanguage":"es","@id":"https:\/\/www.tothcompliance.com\/training\/#\/schema\/logo\/image\/","url":"https:\/\/www.tothcompliance.com\/training\/wp-content\/uploads\/sites\/4\/2024\/05\/toth-training.png","contentUrl":"https:\/\/www.tothcompliance.com\/training\/wp-content\/uploads\/sites\/4\/2024\/05\/toth-training.png","width":712,"height":337,"caption":"TOTH Compliance Training"},"image":{"@id":"https:\/\/www.tothcompliance.com\/training\/#\/schema\/logo\/image\/"},"sameAs":["https:\/\/www.linkedin.com\/company\/tothcompliance\/","https:\/\/www.instagram.com\/tothcompliance\/"]}]}},"jetpack_sharing_enabled":true,"_links":{"self":[{"href":"https:\/\/www.tothcompliance.com\/training\/wp-json\/wp\/v2\/product\/1379","targetHints":{"allow":["GET"]}}],"collection":[{"href":"https:\/\/www.tothcompliance.com\/training\/wp-json\/wp\/v2\/product"}],"about":[{"href":"https:\/\/www.tothcompliance.com\/training\/wp-json\/wp\/v2\/types\/product"}],"replies":[{"embeddable":true,"href":"https:\/\/www.tothcompliance.com\/training\/wp-json\/wp\/v2\/comments?post=1379"}],"wp:featuredmedia":[{"embeddable":true,"href":"https:\/\/www.tothcompliance.com\/training\/wp-json\/wp\/v2\/media\/1380"}],"wp:attachment":[{"href":"https:\/\/www.tothcompliance.com\/training\/wp-json\/wp\/v2\/media?parent=1379"}],"wp:term":[{"taxonomy":"product_brand","embeddable":true,"href":"https:\/\/www.tothcompliance.com\/training\/wp-json\/wp\/v2\/product_brand?post=1379"},{"taxonomy":"product_cat","embeddable":true,"href":"https:\/\/www.tothcompliance.com\/training\/wp-json\/wp\/v2\/product_cat?post=1379"},{"taxonomy":"product_tag","embeddable":true,"href":"https:\/\/www.tothcompliance.com\/training\/wp-json\/wp\/v2\/product_tag?post=1379"}],"curies":[{"name":"wp","href":"https:\/\/api.w.org\/{rel}","templated":true}]}}