{"id":1587,"date":"2025-09-12T08:13:08","date_gmt":"2025-09-12T08:13:08","guid":{"rendered":"https:\/\/www.tothcompliance.com\/training\/?post_type=product&#038;p=1587"},"modified":"2025-09-16T08:36:17","modified_gmt":"2025-09-16T08:36:17","slug":"linea-etica-tu-canal-confidencial-de-denuncias","status":"publish","type":"product","link":"https:\/\/www.tothcompliance.com\/training\/e-capsulas\/linea-etica-tu-canal-confidencial-de-denuncias\/","title":{"rendered":"L\u00ednea \u00c9tica: Tu Canal Confidencial de Denuncias"},"content":{"rendered":"<p><strong>Detalles<\/strong><\/p>\n<p>Explica c\u00f3mo funciona el canal confidencial para reportar, de forma an\u00f3nima o identificada, violaciones al C\u00f3digo de Conducta, detallando los tipos de situaciones que pueden denunciarse y los mecanismos que garantizan imparcialidad y confidencialidad.<br \/>\nAyuda a: fomentar una cultura de transparencia y confianza, brindando a todos los colaboradores las herramientas para reportar conductas indebidas sin temor a represalias, protegiendo as\u00ed la integridad y los valores de la organizaci\u00f3n. CFC44<\/p>\n<p>Duraci\u00f3n: 1:30 min.<\/p>\n<p>Categor\u00eda: Canal \u00e9tico<\/p>\n","protected":false},"excerpt":{"rendered":"<p>Explica c\u00f3mo funciona el canal confidencial para reportar, de forma an\u00f3nima o identificada, violaciones al C\u00f3digo de Conducta, detallando los tipos de situaciones que pueden denunciarse y los mecanismos que garantizan imparcialidad y confidencialidad.<br \/>\nAyuda a: fomentar una cultura de transparencia y confianza, brindando a todos los colaboradores las herramientas para reportar conductas indebidas sin temor a represalias, protegiendo as\u00ed la integridad y los valores de la organizaci\u00f3n. CFC44<\/p>\n","protected":false},"featured_media":1590,"comment_status":"open","ping_status":"closed","template":"","meta":{"content-type":""},"product_brand":[],"product_cat":[47],"product_tag":[],"class_list":{"0":"post-1587","1":"product","2":"type-product","3":"status-publish","4":"has-post-thumbnail","6":"product_cat-canal-etico","8":"first","9":"instock","10":"virtual","11":"purchasable","12":"product-type-simple"},"yoast_head":"<!-- This site is optimized with the Yoast SEO plugin v27.3 - https:\/\/yoast.com\/product\/yoast-seo-wordpress\/ -->\n<title>L\u00ednea \u00c9tica: Tu Canal Confidencial de Denuncias - TOTH Training<\/title>\n<meta name=\"robots\" content=\"index, follow, max-snippet:-1, max-image-preview:large, max-video-preview:-1\" \/>\n<link rel=\"canonical\" href=\"https:\/\/www.tothcompliance.com\/training\/e-capsulas\/linea-etica-tu-canal-confidencial-de-denuncias\/\" \/>\n<meta property=\"og:locale\" content=\"es_ES\" \/>\n<meta property=\"og:type\" content=\"article\" \/>\n<meta property=\"og:title\" content=\"L\u00ednea \u00c9tica: Tu Canal Confidencial de Denuncias - TOTH Training\" \/>\n<meta property=\"og:description\" content=\"Explica c\u00f3mo funciona el canal confidencial para reportar, de forma an\u00f3nima o identificada, violaciones al C\u00f3digo de Conducta, detallando los tipos de situaciones que pueden denunciarse y los mecanismos que garantizan imparcialidad y confidencialidad. Ayuda a: fomentar una cultura de transparencia y confianza, brindando a todos los colaboradores las herramientas para reportar conductas indebidas sin temor a represalias, protegiendo as\u00ed la integridad y los valores de la organizaci\u00f3n. CFC44\" \/>\n<meta property=\"og:url\" content=\"https:\/\/www.tothcompliance.com\/training\/e-capsulas\/linea-etica-tu-canal-confidencial-de-denuncias\/\" \/>\n<meta property=\"og:site_name\" content=\"TOTH Training\" \/>\n<meta property=\"article:modified_time\" content=\"2025-09-16T08:36:17+00:00\" \/>\n<meta property=\"og:image\" content=\"https:\/\/www.tothcompliance.com\/training\/wp-content\/uploads\/sites\/4\/2025\/09\/CFC44.jpg\" \/>\n\t<meta property=\"og:image:width\" content=\"1280\" \/>\n\t<meta property=\"og:image:height\" content=\"720\" \/>\n\t<meta property=\"og:image:type\" content=\"image\/jpeg\" \/>\n<meta name=\"twitter:card\" content=\"summary_large_image\" \/>\n<meta name=\"twitter:label1\" content=\"Tiempo de lectura\" \/>\n\t<meta name=\"twitter:data1\" content=\"1 minuto\" \/>\n<script type=\"application\/ld+json\" class=\"yoast-schema-graph\">{\"@context\":\"https:\\\/\\\/schema.org\",\"@graph\":[{\"@type\":\"WebPage\",\"@id\":\"https:\\\/\\\/www.tothcompliance.com\\\/training\\\/e-capsulas\\\/linea-etica-tu-canal-confidencial-de-denuncias\\\/\",\"url\":\"https:\\\/\\\/www.tothcompliance.com\\\/training\\\/e-capsulas\\\/linea-etica-tu-canal-confidencial-de-denuncias\\\/\",\"name\":\"L\u00ednea \u00c9tica: Tu Canal Confidencial de Denuncias - TOTH Training\",\"isPartOf\":{\"@id\":\"https:\\\/\\\/www.tothcompliance.com\\\/training\\\/#website\"},\"primaryImageOfPage\":{\"@id\":\"https:\\\/\\\/www.tothcompliance.com\\\/training\\\/e-capsulas\\\/linea-etica-tu-canal-confidencial-de-denuncias\\\/#primaryimage\"},\"image\":{\"@id\":\"https:\\\/\\\/www.tothcompliance.com\\\/training\\\/e-capsulas\\\/linea-etica-tu-canal-confidencial-de-denuncias\\\/#primaryimage\"},\"thumbnailUrl\":\"https:\\\/\\\/www.tothcompliance.com\\\/training\\\/wp-content\\\/uploads\\\/sites\\\/4\\\/2025\\\/09\\\/CFC44.jpg\",\"datePublished\":\"2025-09-12T08:13:08+00:00\",\"dateModified\":\"2025-09-16T08:36:17+00:00\",\"breadcrumb\":{\"@id\":\"https:\\\/\\\/www.tothcompliance.com\\\/training\\\/e-capsulas\\\/linea-etica-tu-canal-confidencial-de-denuncias\\\/#breadcrumb\"},\"inLanguage\":\"es\",\"potentialAction\":[{\"@type\":\"ReadAction\",\"target\":[\"https:\\\/\\\/www.tothcompliance.com\\\/training\\\/e-capsulas\\\/linea-etica-tu-canal-confidencial-de-denuncias\\\/\"]}]},{\"@type\":\"ImageObject\",\"inLanguage\":\"es\",\"@id\":\"https:\\\/\\\/www.tothcompliance.com\\\/training\\\/e-capsulas\\\/linea-etica-tu-canal-confidencial-de-denuncias\\\/#primaryimage\",\"url\":\"https:\\\/\\\/www.tothcompliance.com\\\/training\\\/wp-content\\\/uploads\\\/sites\\\/4\\\/2025\\\/09\\\/CFC44.jpg\",\"contentUrl\":\"https:\\\/\\\/www.tothcompliance.com\\\/training\\\/wp-content\\\/uploads\\\/sites\\\/4\\\/2025\\\/09\\\/CFC44.jpg\",\"width\":1280,\"height\":720},{\"@type\":\"BreadcrumbList\",\"@id\":\"https:\\\/\\\/www.tothcompliance.com\\\/training\\\/e-capsulas\\\/linea-etica-tu-canal-confidencial-de-denuncias\\\/#breadcrumb\",\"itemListElement\":[{\"@type\":\"ListItem\",\"position\":1,\"name\":\"Portada\",\"item\":\"https:\\\/\\\/www.tothcompliance.com\\\/training\\\/\"},{\"@type\":\"ListItem\",\"position\":2,\"name\":\"e-c\u00e1psulas\",\"item\":\"https:\\\/\\\/www.tothcompliance.com\\\/training\\\/e-capsulas\\\/\"},{\"@type\":\"ListItem\",\"position\":3,\"name\":\"L\u00ednea \u00c9tica: Tu Canal Confidencial de Denuncias\"}]},{\"@type\":\"WebSite\",\"@id\":\"https:\\\/\\\/www.tothcompliance.com\\\/training\\\/#website\",\"url\":\"https:\\\/\\\/www.tothcompliance.com\\\/training\\\/\",\"name\":\"TOTH Compliance Training\",\"description\":\"\",\"publisher\":{\"@id\":\"https:\\\/\\\/www.tothcompliance.com\\\/training\\\/#organization\"},\"potentialAction\":[{\"@type\":\"SearchAction\",\"target\":{\"@type\":\"EntryPoint\",\"urlTemplate\":\"https:\\\/\\\/www.tothcompliance.com\\\/training\\\/?s={search_term_string}\"},\"query-input\":{\"@type\":\"PropertyValueSpecification\",\"valueRequired\":true,\"valueName\":\"search_term_string\"}}],\"inLanguage\":\"es\"},{\"@type\":\"Organization\",\"@id\":\"https:\\\/\\\/www.tothcompliance.com\\\/training\\\/#organization\",\"name\":\"TOTH Compliance Training\",\"url\":\"https:\\\/\\\/www.tothcompliance.com\\\/training\\\/\",\"logo\":{\"@type\":\"ImageObject\",\"inLanguage\":\"es\",\"@id\":\"https:\\\/\\\/www.tothcompliance.com\\\/training\\\/#\\\/schema\\\/logo\\\/image\\\/\",\"url\":\"https:\\\/\\\/www.tothcompliance.com\\\/training\\\/wp-content\\\/uploads\\\/sites\\\/4\\\/2024\\\/05\\\/toth-training.png\",\"contentUrl\":\"https:\\\/\\\/www.tothcompliance.com\\\/training\\\/wp-content\\\/uploads\\\/sites\\\/4\\\/2024\\\/05\\\/toth-training.png\",\"width\":712,\"height\":337,\"caption\":\"TOTH Compliance Training\"},\"image\":{\"@id\":\"https:\\\/\\\/www.tothcompliance.com\\\/training\\\/#\\\/schema\\\/logo\\\/image\\\/\"},\"sameAs\":[\"https:\\\/\\\/www.linkedin.com\\\/company\\\/tothcompliance\\\/\",\"https:\\\/\\\/www.instagram.com\\\/tothcompliance\\\/\"]}]}<\/script>\n<!-- \/ Yoast SEO plugin. -->","yoast_head_json":{"title":"L\u00ednea \u00c9tica: Tu Canal Confidencial de Denuncias - TOTH Training","robots":{"index":"index","follow":"follow","max-snippet":"max-snippet:-1","max-image-preview":"max-image-preview:large","max-video-preview":"max-video-preview:-1"},"canonical":"https:\/\/www.tothcompliance.com\/training\/e-capsulas\/linea-etica-tu-canal-confidencial-de-denuncias\/","og_locale":"es_ES","og_type":"article","og_title":"L\u00ednea \u00c9tica: Tu Canal Confidencial de Denuncias - TOTH Training","og_description":"Explica c\u00f3mo funciona el canal confidencial para reportar, de forma an\u00f3nima o identificada, violaciones al C\u00f3digo de Conducta, detallando los tipos de situaciones que pueden denunciarse y los mecanismos que garantizan imparcialidad y confidencialidad. Ayuda a: fomentar una cultura de transparencia y confianza, brindando a todos los colaboradores las herramientas para reportar conductas indebidas sin temor a represalias, protegiendo as\u00ed la integridad y los valores de la organizaci\u00f3n. CFC44","og_url":"https:\/\/www.tothcompliance.com\/training\/e-capsulas\/linea-etica-tu-canal-confidencial-de-denuncias\/","og_site_name":"TOTH Training","article_modified_time":"2025-09-16T08:36:17+00:00","og_image":[{"width":1280,"height":720,"url":"https:\/\/www.tothcompliance.com\/training\/wp-content\/uploads\/sites\/4\/2025\/09\/CFC44.jpg","type":"image\/jpeg"}],"twitter_card":"summary_large_image","twitter_misc":{"Tiempo de lectura":"1 minuto"},"schema":{"@context":"https:\/\/schema.org","@graph":[{"@type":"WebPage","@id":"https:\/\/www.tothcompliance.com\/training\/e-capsulas\/linea-etica-tu-canal-confidencial-de-denuncias\/","url":"https:\/\/www.tothcompliance.com\/training\/e-capsulas\/linea-etica-tu-canal-confidencial-de-denuncias\/","name":"L\u00ednea \u00c9tica: Tu Canal Confidencial de Denuncias - TOTH Training","isPartOf":{"@id":"https:\/\/www.tothcompliance.com\/training\/#website"},"primaryImageOfPage":{"@id":"https:\/\/www.tothcompliance.com\/training\/e-capsulas\/linea-etica-tu-canal-confidencial-de-denuncias\/#primaryimage"},"image":{"@id":"https:\/\/www.tothcompliance.com\/training\/e-capsulas\/linea-etica-tu-canal-confidencial-de-denuncias\/#primaryimage"},"thumbnailUrl":"https:\/\/www.tothcompliance.com\/training\/wp-content\/uploads\/sites\/4\/2025\/09\/CFC44.jpg","datePublished":"2025-09-12T08:13:08+00:00","dateModified":"2025-09-16T08:36:17+00:00","breadcrumb":{"@id":"https:\/\/www.tothcompliance.com\/training\/e-capsulas\/linea-etica-tu-canal-confidencial-de-denuncias\/#breadcrumb"},"inLanguage":"es","potentialAction":[{"@type":"ReadAction","target":["https:\/\/www.tothcompliance.com\/training\/e-capsulas\/linea-etica-tu-canal-confidencial-de-denuncias\/"]}]},{"@type":"ImageObject","inLanguage":"es","@id":"https:\/\/www.tothcompliance.com\/training\/e-capsulas\/linea-etica-tu-canal-confidencial-de-denuncias\/#primaryimage","url":"https:\/\/www.tothcompliance.com\/training\/wp-content\/uploads\/sites\/4\/2025\/09\/CFC44.jpg","contentUrl":"https:\/\/www.tothcompliance.com\/training\/wp-content\/uploads\/sites\/4\/2025\/09\/CFC44.jpg","width":1280,"height":720},{"@type":"BreadcrumbList","@id":"https:\/\/www.tothcompliance.com\/training\/e-capsulas\/linea-etica-tu-canal-confidencial-de-denuncias\/#breadcrumb","itemListElement":[{"@type":"ListItem","position":1,"name":"Portada","item":"https:\/\/www.tothcompliance.com\/training\/"},{"@type":"ListItem","position":2,"name":"e-c\u00e1psulas","item":"https:\/\/www.tothcompliance.com\/training\/e-capsulas\/"},{"@type":"ListItem","position":3,"name":"L\u00ednea \u00c9tica: Tu Canal Confidencial de Denuncias"}]},{"@type":"WebSite","@id":"https:\/\/www.tothcompliance.com\/training\/#website","url":"https:\/\/www.tothcompliance.com\/training\/","name":"TOTH Compliance Training","description":"","publisher":{"@id":"https:\/\/www.tothcompliance.com\/training\/#organization"},"potentialAction":[{"@type":"SearchAction","target":{"@type":"EntryPoint","urlTemplate":"https:\/\/www.tothcompliance.com\/training\/?s={search_term_string}"},"query-input":{"@type":"PropertyValueSpecification","valueRequired":true,"valueName":"search_term_string"}}],"inLanguage":"es"},{"@type":"Organization","@id":"https:\/\/www.tothcompliance.com\/training\/#organization","name":"TOTH Compliance Training","url":"https:\/\/www.tothcompliance.com\/training\/","logo":{"@type":"ImageObject","inLanguage":"es","@id":"https:\/\/www.tothcompliance.com\/training\/#\/schema\/logo\/image\/","url":"https:\/\/www.tothcompliance.com\/training\/wp-content\/uploads\/sites\/4\/2024\/05\/toth-training.png","contentUrl":"https:\/\/www.tothcompliance.com\/training\/wp-content\/uploads\/sites\/4\/2024\/05\/toth-training.png","width":712,"height":337,"caption":"TOTH Compliance Training"},"image":{"@id":"https:\/\/www.tothcompliance.com\/training\/#\/schema\/logo\/image\/"},"sameAs":["https:\/\/www.linkedin.com\/company\/tothcompliance\/","https:\/\/www.instagram.com\/tothcompliance\/"]}]}},"jetpack_sharing_enabled":true,"_links":{"self":[{"href":"https:\/\/www.tothcompliance.com\/training\/wp-json\/wp\/v2\/product\/1587","targetHints":{"allow":["GET"]}}],"collection":[{"href":"https:\/\/www.tothcompliance.com\/training\/wp-json\/wp\/v2\/product"}],"about":[{"href":"https:\/\/www.tothcompliance.com\/training\/wp-json\/wp\/v2\/types\/product"}],"replies":[{"embeddable":true,"href":"https:\/\/www.tothcompliance.com\/training\/wp-json\/wp\/v2\/comments?post=1587"}],"wp:featuredmedia":[{"embeddable":true,"href":"https:\/\/www.tothcompliance.com\/training\/wp-json\/wp\/v2\/media\/1590"}],"wp:attachment":[{"href":"https:\/\/www.tothcompliance.com\/training\/wp-json\/wp\/v2\/media?parent=1587"}],"wp:term":[{"taxonomy":"product_brand","embeddable":true,"href":"https:\/\/www.tothcompliance.com\/training\/wp-json\/wp\/v2\/product_brand?post=1587"},{"taxonomy":"product_cat","embeddable":true,"href":"https:\/\/www.tothcompliance.com\/training\/wp-json\/wp\/v2\/product_cat?post=1587"},{"taxonomy":"product_tag","embeddable":true,"href":"https:\/\/www.tothcompliance.com\/training\/wp-json\/wp\/v2\/product_tag?post=1587"}],"curies":[{"name":"wp","href":"https:\/\/api.w.org\/{rel}","templated":true}]}}